{"id":695,"date":"2016-12-03T15:53:53","date_gmt":"2016-12-03T14:53:53","guid":{"rendered":"http:\/\/tauritzmuehle.de\/wordpress\/?page_id=695"},"modified":"2022-09-24T19:23:36","modified_gmt":"2022-09-24T17:23:36","slug":"camping","status":"publish","type":"page","link":"https:\/\/tauritzmuehle.de\/wordpress\/camping\/","title":{"rendered":"aktueller denn je &#x1f60e;>mobiler Schlafplatz &#x1f68c;  &#x1f3d5;"},"content":{"rendered":"<p><img data-recalc-dims=\"1\" loading=\"lazy\" decoding=\"async\" data-attachment-id=\"699\" data-permalink=\"https:\/\/tauritzmuehle.de\/wordpress\/camping\/20160913_073218\/\" data-orig-file=\"https:\/\/i0.wp.com\/tauritzmuehle.de\/wordpress\/wp-content\/uploads\/2016\/12\/20160913_073218.jpg?fit=5312%2C2988&amp;ssl=1\" data-orig-size=\"5312,2988\" data-comments-opened=\"0\" data-image-meta=\"{&quot;aperture&quot;:&quot;1.9&quot;,&quot;credit&quot;:&quot;&quot;,&quot;camera&quot;:&quot;SM-G920F&quot;,&quot;caption&quot;:&quot;&quot;,&quot;created_timestamp&quot;:&quot;1473751938&quot;,&quot;copyright&quot;:&quot;&quot;,&quot;focal_length&quot;:&quot;4.3&quot;,&quot;iso&quot;:&quot;40&quot;,&quot;shutter_speed&quot;:&quot;0.005&quot;,&quot;title&quot;:&quot;&quot;,&quot;orientation&quot;:&quot;1&quot;}\" data-image-title=\"20160913_073218\" data-image-description=\"\" data-image-caption=\"\" data-large-file=\"https:\/\/i0.wp.com\/tauritzmuehle.de\/wordpress\/wp-content\/uploads\/2016\/12\/20160913_073218.jpg?fit=1000%2C563&amp;ssl=1\" class=\"alignleft wp-image-699 size-medium\" src=\"https:\/\/i0.wp.com\/tauritzmuehle.de\/wordpress\/wp-content\/uploads\/2016\/12\/20160913_073218-250x141.jpg?resize=250%2C141\" alt=\"20160913_073218\" width=\"250\" height=\"141\" srcset=\"https:\/\/i0.wp.com\/tauritzmuehle.de\/wordpress\/wp-content\/uploads\/2016\/12\/20160913_073218.jpg?resize=250%2C141&amp;ssl=1 250w, https:\/\/i0.wp.com\/tauritzmuehle.de\/wordpress\/wp-content\/uploads\/2016\/12\/20160913_073218.jpg?resize=768%2C432&amp;ssl=1 768w, https:\/\/i0.wp.com\/tauritzmuehle.de\/wordpress\/wp-content\/uploads\/2016\/12\/20160913_073218.jpg?resize=1820%2C1024&amp;ssl=1 1820w, https:\/\/i0.wp.com\/tauritzmuehle.de\/wordpress\/wp-content\/uploads\/2016\/12\/20160913_073218.jpg?resize=533%2C300&amp;ssl=1 533w, https:\/\/i0.wp.com\/tauritzmuehle.de\/wordpress\/wp-content\/uploads\/2016\/12\/20160913_073218.jpg?w=2000&amp;ssl=1 2000w, https:\/\/i0.wp.com\/tauritzmuehle.de\/wordpress\/wp-content\/uploads\/2016\/12\/20160913_073218.jpg?w=3000&amp;ssl=1 3000w\" sizes=\"auto, (max-width: 250px) 100vw, 250px\" \/> <img data-recalc-dims=\"1\" loading=\"lazy\" decoding=\"async\" data-attachment-id=\"698\" data-permalink=\"https:\/\/tauritzmuehle.de\/wordpress\/camping\/20160807_171652\/\" data-orig-file=\"https:\/\/i0.wp.com\/tauritzmuehle.de\/wordpress\/wp-content\/uploads\/2016\/12\/20160807_171652.jpg?fit=5312%2C2988&amp;ssl=1\" data-orig-size=\"5312,2988\" data-comments-opened=\"0\" data-image-meta=\"{&quot;aperture&quot;:&quot;1.9&quot;,&quot;credit&quot;:&quot;&quot;,&quot;camera&quot;:&quot;SM-G920F&quot;,&quot;caption&quot;:&quot;&quot;,&quot;created_timestamp&quot;:&quot;1470590211&quot;,&quot;copyright&quot;:&quot;&quot;,&quot;focal_length&quot;:&quot;4.3&quot;,&quot;iso&quot;:&quot;40&quot;,&quot;shutter_speed&quot;:&quot;0.00059952038369305&quot;,&quot;title&quot;:&quot;&quot;,&quot;orientation&quot;:&quot;1&quot;}\" data-image-title=\"20160807_171652\" data-image-description=\"\" data-image-caption=\"\" data-large-file=\"https:\/\/i0.wp.com\/tauritzmuehle.de\/wordpress\/wp-content\/uploads\/2016\/12\/20160807_171652.jpg?fit=1000%2C563&amp;ssl=1\" class=\"alignright wp-image-698 size-medium\" src=\"https:\/\/i0.wp.com\/tauritzmuehle.de\/wordpress\/wp-content\/uploads\/2016\/12\/20160807_171652-250x141.jpg?resize=250%2C141\" alt=\"20160807_171652\" width=\"250\" height=\"141\" srcset=\"https:\/\/i0.wp.com\/tauritzmuehle.de\/wordpress\/wp-content\/uploads\/2016\/12\/20160807_171652.jpg?resize=250%2C141&amp;ssl=1 250w, https:\/\/i0.wp.com\/tauritzmuehle.de\/wordpress\/wp-content\/uploads\/2016\/12\/20160807_171652.jpg?resize=768%2C432&amp;ssl=1 768w, https:\/\/i0.wp.com\/tauritzmuehle.de\/wordpress\/wp-content\/uploads\/2016\/12\/20160807_171652.jpg?resize=1820%2C1024&amp;ssl=1 1820w, https:\/\/i0.wp.com\/tauritzmuehle.de\/wordpress\/wp-content\/uploads\/2016\/12\/20160807_171652.jpg?resize=533%2C300&amp;ssl=1 533w, https:\/\/i0.wp.com\/tauritzmuehle.de\/wordpress\/wp-content\/uploads\/2016\/12\/20160807_171652.jpg?w=2000&amp;ssl=1 2000w, https:\/\/i0.wp.com\/tauritzmuehle.de\/wordpress\/wp-content\/uploads\/2016\/12\/20160807_171652.jpg?w=3000&amp;ssl=1 3000w\" sizes=\"auto, (max-width: 250px) 100vw, 250px\" \/><img data-recalc-dims=\"1\" loading=\"lazy\" decoding=\"async\" data-attachment-id=\"702\" data-permalink=\"https:\/\/tauritzmuehle.de\/wordpress\/camping\/p1010616-2\/\" data-orig-file=\"https:\/\/i0.wp.com\/tauritzmuehle.de\/wordpress\/wp-content\/uploads\/2016\/12\/P1010616.jpg?fit=1600%2C1200&amp;ssl=1\" data-orig-size=\"1600,1200\" data-comments-opened=\"0\" data-image-meta=\"{&quot;aperture&quot;:&quot;4&quot;,&quot;credit&quot;:&quot;&quot;,&quot;camera&quot;:&quot;DMC-FZ10&quot;,&quot;caption&quot;:&quot;&quot;,&quot;created_timestamp&quot;:&quot;1098526548&quot;,&quot;copyright&quot;:&quot;&quot;,&quot;focal_length&quot;:&quot;54.5&quot;,&quot;iso&quot;:&quot;50&quot;,&quot;shutter_speed&quot;:&quot;0.01&quot;,&quot;title&quot;:&quot;&quot;,&quot;orientation&quot;:&quot;1&quot;}\" data-image-title=\"p1010616\" data-image-description=\"\" data-image-caption=\"\" data-large-file=\"https:\/\/i0.wp.com\/tauritzmuehle.de\/wordpress\/wp-content\/uploads\/2016\/12\/P1010616.jpg?fit=1000%2C750&amp;ssl=1\" class=\"alignleft wp-image-702 size-medium\" src=\"https:\/\/i0.wp.com\/tauritzmuehle.de\/wordpress\/wp-content\/uploads\/2016\/12\/P1010616-250x188.jpg?resize=250%2C188\" alt=\"p1010616\" width=\"250\" height=\"188\" srcset=\"https:\/\/i0.wp.com\/tauritzmuehle.de\/wordpress\/wp-content\/uploads\/2016\/12\/P1010616.jpg?resize=250%2C188&amp;ssl=1 250w, https:\/\/i0.wp.com\/tauritzmuehle.de\/wordpress\/wp-content\/uploads\/2016\/12\/P1010616.jpg?resize=768%2C576&amp;ssl=1 768w, https:\/\/i0.wp.com\/tauritzmuehle.de\/wordpress\/wp-content\/uploads\/2016\/12\/P1010616.jpg?resize=1365%2C1024&amp;ssl=1 1365w, https:\/\/i0.wp.com\/tauritzmuehle.de\/wordpress\/wp-content\/uploads\/2016\/12\/P1010616.jpg?resize=400%2C300&amp;ssl=1 400w, https:\/\/i0.wp.com\/tauritzmuehle.de\/wordpress\/wp-content\/uploads\/2016\/12\/P1010616.jpg?w=1600&amp;ssl=1 1600w\" sizes=\"auto, (max-width: 250px) 100vw, 250px\" \/><\/p>\n<p><img data-recalc-dims=\"1\" loading=\"lazy\" decoding=\"async\" class=\"alignright wp-image-233 size-medium\" src=\"https:\/\/i0.wp.com\/tauritzmuehle.de\/wordpress\/wp-content\/uploads\/2014\/01\/Creek-250x187.jpg?resize=250%2C187\" alt=\"Ein Bach, der durch einen Wald flie\u00dft.\" width=\"250\" height=\"187\" \/><b><\/b><i><\/i><u><\/u><\/p>\n<p><span style=\"color: #ff9900;\">F\u00fcr alle,\u00a0 die einen Parkplatz suchen an dem \u00a0alles an\u00a0 Infrastruktur vorhanden ist, wie z.B. einzelne Parzellen, Strom, Entertainment, Wasseranschluss oder oder oder&#8230;.<\/span><\/p>\n<blockquote><p><strong><span style=\"color: #ff9900;\">Das alles gibt es bei uns nicht !<\/span><\/strong><\/p><\/blockquote>\n<p><span style=\"color: #ff9900;\">Sollten Sie allerdings nahezu unber\u00fchrte Natur, Ruhe und Einsamkeit\u00a0 suchen, dann sind Sie bei uns goldrichtig. <\/span><\/p>\n<p><strong><span style=\"color: #ff9900;\">Lassen Sie sich auf das Abenteuer ein, die Natur zu genie\u00dfen.<\/span><\/strong><\/p>\n<p><span style=\"color: #ff9900;\">Sie haben die freie Auswahl\u00a0und k\u00f6nnen sich bei uns auf der Wiese, am Bach oder Weiher, wo Sie gerne m\u00f6chten, ein sch\u00f6nes Platzerl suchen. <\/span><\/p>\n<p><span style=\"color: #ff9900;\">Vielleicht besuchen Sie\u00a0der\u00a0Biber oder\u00a0Rehe aus dem nahegelegenen Wald.<\/span><\/p>\n<p><span style=\"color: #ff9900;\">Es kann auch schon mal vorkommen, dass Fuchs oder Hase vorbeischauen.<\/span><\/p>\n<p><span style=\"color: #ff9900;\">Im Idealfall h\u00f6ren Sie nur das Pl\u00e4tschern vom Bach, den Ruf des Waldkauzes\u00a0oder sonstige unheimliche Ger\u00e4usche der wilden\u00a0 \ud83d\ude42 Natur&#8230;&#8230;<\/span><\/p>\n<p><span style=\"color: #ff9900;\">Selbstverst\u00e4ndlich k\u00f6nnen Sie auch alle Annehmlichkeiten unserer Wanderschutzh\u00fctte Tauritzm\u00fchle wahrnehmen und einen sch\u00f6nen Abend am Kachelofen oder im Biergarten verbringen. Wir werden unser Bestes tun, um\u00a0Ihnen einen\u00a0sch\u00f6nen Aufenthalt\u00a0in au\u00dfergew\u00f6hnlicher Atmosph\u00e4re zu bieten.<\/span><\/p>\n<blockquote><p><strong><span style=\"color: #ff9900;\">Besuchen Sie uns einfach, um die Natur zu erleben. Haben wir Euer Interesse geweckt? Bitte um eine kurze Anmeldung vorab oder ein kurzes HALLO, wenn ihr da seid. Details dann gerne vor Ort.<\/span><\/strong><\/p>\n<p><span style=\"color: #ff9900;\"><strong>Wir und das M\u00fchlenteam freuen uns auf Ihren Besuch.<\/strong><\/span><\/p>\n<p><img data-recalc-dims=\"1\" loading=\"lazy\" decoding=\"async\" data-attachment-id=\"753\" data-permalink=\"https:\/\/tauritzmuehle.de\/wordpress\/camping\/p1010138-2\/\" data-orig-file=\"https:\/\/i0.wp.com\/tauritzmuehle.de\/wordpress\/wp-content\/uploads\/2016\/12\/P1010138.jpg?fit=1600%2C1200&amp;ssl=1\" data-orig-size=\"1600,1200\" data-comments-opened=\"0\" data-image-meta=\"{&quot;aperture&quot;:&quot;2.8&quot;,&quot;credit&quot;:&quot;&quot;,&quot;camera&quot;:&quot;DMC-FZ10&quot;,&quot;caption&quot;:&quot;&quot;,&quot;created_timestamp&quot;:&quot;1079529936&quot;,&quot;copyright&quot;:&quot;&quot;,&quot;focal_length&quot;:&quot;7.8&quot;,&quot;iso&quot;:&quot;50&quot;,&quot;shutter_speed&quot;:&quot;0.0125&quot;,&quot;title&quot;:&quot;&quot;,&quot;orientation&quot;:&quot;1&quot;}\" data-image-title=\"p1010138\" data-image-description=\"\" data-image-caption=\"\" data-large-file=\"https:\/\/i0.wp.com\/tauritzmuehle.de\/wordpress\/wp-content\/uploads\/2016\/12\/P1010138.jpg?fit=1000%2C750&amp;ssl=1\" class=\"size-medium wp-image-753 alignright\" src=\"https:\/\/i0.wp.com\/tauritzmuehle.de\/wordpress\/wp-content\/uploads\/2016\/12\/P1010138-250x188.jpg?resize=250%2C188\" alt=\"p1010138\" width=\"250\" height=\"188\" srcset=\"https:\/\/i0.wp.com\/tauritzmuehle.de\/wordpress\/wp-content\/uploads\/2016\/12\/P1010138.jpg?resize=250%2C188&amp;ssl=1 250w, https:\/\/i0.wp.com\/tauritzmuehle.de\/wordpress\/wp-content\/uploads\/2016\/12\/P1010138.jpg?resize=768%2C576&amp;ssl=1 768w, https:\/\/i0.wp.com\/tauritzmuehle.de\/wordpress\/wp-content\/uploads\/2016\/12\/P1010138.jpg?resize=1365%2C1024&amp;ssl=1 1365w, https:\/\/i0.wp.com\/tauritzmuehle.de\/wordpress\/wp-content\/uploads\/2016\/12\/P1010138.jpg?resize=400%2C300&amp;ssl=1 400w, https:\/\/i0.wp.com\/tauritzmuehle.de\/wordpress\/wp-content\/uploads\/2016\/12\/P1010138.jpg?w=1600&amp;ssl=1 1600w\" sizes=\"auto, (max-width: 250px) 100vw, 250px\" \/><img data-recalc-dims=\"1\" loading=\"lazy\" decoding=\"async\" data-attachment-id=\"450\" data-permalink=\"https:\/\/tauritzmuehle.de\/wordpress\/aktivitaeten\/biber_2\/\" data-orig-file=\"https:\/\/i0.wp.com\/tauritzmuehle.de\/wordpress\/wp-content\/uploads\/2016\/05\/Biber_2.jpg?fit=1024%2C590&amp;ssl=1\" data-orig-size=\"1024,590\" data-comments-opened=\"0\" data-image-meta=\"{&quot;aperture&quot;:&quot;0&quot;,&quot;credit&quot;:&quot;&quot;,&quot;camera&quot;:&quot;&quot;,&quot;caption&quot;:&quot;&quot;,&quot;created_timestamp&quot;:&quot;0&quot;,&quot;copyright&quot;:&quot;&quot;,&quot;focal_length&quot;:&quot;0&quot;,&quot;iso&quot;:&quot;0&quot;,&quot;shutter_speed&quot;:&quot;0&quot;,&quot;title&quot;:&quot;&quot;,&quot;orientation&quot;:&quot;0&quot;}\" data-image-title=\"Biber_2\" data-image-description=\"\" data-image-caption=\"\" data-large-file=\"https:\/\/i0.wp.com\/tauritzmuehle.de\/wordpress\/wp-content\/uploads\/2016\/05\/Biber_2.jpg?fit=1000%2C576&amp;ssl=1\" class=\"size-medium wp-image-450 alignleft\" src=\"https:\/\/i0.wp.com\/tauritzmuehle.de\/wordpress\/wp-content\/uploads\/2016\/05\/Biber_2-250x144.jpg?resize=250%2C144\" alt=\"Biber_2\" width=\"250\" height=\"144\" srcset=\"https:\/\/i0.wp.com\/tauritzmuehle.de\/wordpress\/wp-content\/uploads\/2016\/05\/Biber_2.jpg?resize=250%2C144&amp;ssl=1 250w, https:\/\/i0.wp.com\/tauritzmuehle.de\/wordpress\/wp-content\/uploads\/2016\/05\/Biber_2.jpg?resize=768%2C443&amp;ssl=1 768w, https:\/\/i0.wp.com\/tauritzmuehle.de\/wordpress\/wp-content\/uploads\/2016\/05\/Biber_2.jpg?w=1024&amp;ssl=1 1024w\" sizes=\"auto, (max-width: 250px) 100vw, 250px\" \/><\/p><\/blockquote>\n","protected":false},"excerpt":{"rendered":"<p>F\u00fcr alle,\u00a0 die einen Parkplatz suchen an dem \u00a0alles an\u00a0 Infrastruktur vorhanden ist, wie z.B. einzelne Parzellen, Strom, Entertainment, Wasseranschluss oder oder oder&#8230;. Das alles gibt es bei uns nicht ! Sollten Sie allerdings nahezu unber\u00fchrte Natur, Ruhe und Einsamkeit\u00a0 suchen, dann sind Sie bei uns goldrichtig. Lassen Sie sich auf das Abenteuer ein, die&#8230; <\/p>\n<div class=\"link-more\"><a href=\"https:\/\/tauritzmuehle.de\/wordpress\/camping\/\">Weiterlesen<\/a><\/div>\n","protected":false},"author":2,"featured_media":699,"parent":0,"menu_order":0,"comment_status":"closed","ping_status":"closed","template":"","meta":{"jetpack_post_was_ever_published":false,"footnotes":""},"class_list":["post-695","page","type-page","status-publish","has-post-thumbnail","hentry"],"jetpack_shortlink":"https:\/\/wp.me\/P4bFvl-bd","jetpack_sharing_enabled":true,"_links":{"self":[{"href":"https:\/\/tauritzmuehle.de\/wordpress\/wp-json\/wp\/v2\/pages\/695","targetHints":{"allow":["GET"]}}],"collection":[{"href":"https:\/\/tauritzmuehle.de\/wordpress\/wp-json\/wp\/v2\/pages"}],"about":[{"href":"https:\/\/tauritzmuehle.de\/wordpress\/wp-json\/wp\/v2\/types\/page"}],"author":[{"embeddable":true,"href":"https:\/\/tauritzmuehle.de\/wordpress\/wp-json\/wp\/v2\/users\/2"}],"replies":[{"embeddable":true,"href":"https:\/\/tauritzmuehle.de\/wordpress\/wp-json\/wp\/v2\/comments?post=695"}],"version-history":[{"count":40,"href":"https:\/\/tauritzmuehle.de\/wordpress\/wp-json\/wp\/v2\/pages\/695\/revisions"}],"predecessor-version":[{"id":4849,"href":"https:\/\/tauritzmuehle.de\/wordpress\/wp-json\/wp\/v2\/pages\/695\/revisions\/4849"}],"wp:featuredmedia":[{"embeddable":true,"href":"https:\/\/tauritzmuehle.de\/wordpress\/wp-json\/wp\/v2\/media\/699"}],"wp:attachment":[{"href":"https:\/\/tauritzmuehle.de\/wordpress\/wp-json\/wp\/v2\/media?parent=695"}],"curies":[{"name":"wp","href":"https:\/\/api.w.org\/{rel}","templated":true}]}}