{"id":595,"date":"2016-10-20T08:43:10","date_gmt":"2016-10-20T06:43:10","guid":{"rendered":"http:\/\/tauritzmuehle.de\/wordpress\/?page_id=595"},"modified":"2020-10-30T15:25:10","modified_gmt":"2020-10-30T14:25:10","slug":"aktivitaeten","status":"publish","type":"page","link":"https:\/\/tauritzmuehle.de\/wordpress\/aktivitaeten\/","title":{"rendered":"&#8230; gut zu wissen"},"content":{"rendered":"<p><a href=\"https:\/\/i0.wp.com\/tauritzmuehle.de\/wordpress\/wp-content\/uploads\/2016\/05\/P1010616.jpg\"><img data-recalc-dims=\"1\" loading=\"lazy\" decoding=\"async\" data-attachment-id=\"452\" data-permalink=\"https:\/\/tauritzmuehle.de\/wordpress\/p1010616\/\" data-orig-file=\"https:\/\/i0.wp.com\/tauritzmuehle.de\/wordpress\/wp-content\/uploads\/2016\/05\/P1010616.jpg?fit=1600%2C1200&amp;ssl=1\" data-orig-size=\"1600,1200\" data-comments-opened=\"0\" data-image-meta=\"{&quot;aperture&quot;:&quot;4&quot;,&quot;credit&quot;:&quot;&quot;,&quot;camera&quot;:&quot;DMC-FZ10&quot;,&quot;caption&quot;:&quot;&quot;,&quot;created_timestamp&quot;:&quot;1098526548&quot;,&quot;copyright&quot;:&quot;&quot;,&quot;focal_length&quot;:&quot;54.5&quot;,&quot;iso&quot;:&quot;50&quot;,&quot;shutter_speed&quot;:&quot;0.01&quot;,&quot;title&quot;:&quot;&quot;,&quot;orientation&quot;:&quot;1&quot;}\" data-image-title=\"P1010616\" data-image-description=\"\" data-image-caption=\"\" data-large-file=\"https:\/\/i0.wp.com\/tauritzmuehle.de\/wordpress\/wp-content\/uploads\/2016\/05\/P1010616.jpg?fit=1000%2C750&amp;ssl=1\" class=\"alignright wp-image-452\" src=\"https:\/\/i0.wp.com\/tauritzmuehle.de\/wordpress\/wp-content\/uploads\/2016\/05\/P1010616.jpg?resize=300%2C225\" alt=\"P1010616\" width=\"300\" height=\"225\" srcset=\"https:\/\/i0.wp.com\/tauritzmuehle.de\/wordpress\/wp-content\/uploads\/2016\/05\/P1010616.jpg?w=1600&amp;ssl=1 1600w, https:\/\/i0.wp.com\/tauritzmuehle.de\/wordpress\/wp-content\/uploads\/2016\/05\/P1010616.jpg?resize=250%2C188&amp;ssl=1 250w, https:\/\/i0.wp.com\/tauritzmuehle.de\/wordpress\/wp-content\/uploads\/2016\/05\/P1010616.jpg?resize=768%2C576&amp;ssl=1 768w, https:\/\/i0.wp.com\/tauritzmuehle.de\/wordpress\/wp-content\/uploads\/2016\/05\/P1010616.jpg?resize=1365%2C1024&amp;ssl=1 1365w\" sizes=\"auto, (max-width: 300px) 100vw, 300px\" \/><\/a>Zu Details zu den Rundwanderwegen besuchen sie bitte die sehr sch\u00f6ne Infosammlung des FGV Speichersdorf unter <a href=\"http:\/\/www.fgv-speichersdorf.de\/\"><u><span style=\"color: #0066cc;\">http:\/\/www.fgv-speichersdorf.de<\/span><\/u><\/a><\/p>\n<blockquote><p>R\u00e4umlichkeiten zum Anmieten und Selbstbewirtschaften<\/p>\n<p>(siehe INFO-Button &gt; gr. Keller u.&nbsp; Nebenhaus)<\/p>\n<p>&gt; Rundwanderwege<br \/>\n&gt; Idyllische Radwege<br \/>\n&gt; Wassererlebnisplatz&nbsp;f\u00fcr Gro\u00df und Klein &#x1f609;<br \/>\n&gt; Naturlehrpfad mit GPS Datens\u00e4tzen<br \/>\n&gt; Camping u. Zeltplatz<\/p><\/blockquote>\n<p><a href=\"https:\/\/i0.wp.com\/tauritzmuehle.de\/wordpress\/wp-content\/uploads\/2016\/10\/wasser.jpg\"><img data-recalc-dims=\"1\" loading=\"lazy\" decoding=\"async\" data-attachment-id=\"597\" data-permalink=\"https:\/\/tauritzmuehle.de\/wordpress\/aktivitaeten\/wasser\/\" data-orig-file=\"https:\/\/i0.wp.com\/tauritzmuehle.de\/wordpress\/wp-content\/uploads\/2016\/10\/wasser.jpg?fit=800%2C800&amp;ssl=1\" data-orig-size=\"800,800\" data-comments-opened=\"0\" data-image-meta=\"{&quot;aperture&quot;:&quot;0&quot;,&quot;credit&quot;:&quot;Alex Klett&quot;,&quot;camera&quot;:&quot;&quot;,&quot;caption&quot;:&quot;&quot;,&quot;created_timestamp&quot;:&quot;1476949059&quot;,&quot;copyright&quot;:&quot;&quot;,&quot;focal_length&quot;:&quot;0&quot;,&quot;iso&quot;:&quot;0&quot;,&quot;shutter_speed&quot;:&quot;0&quot;,&quot;title&quot;:&quot;&quot;,&quot;orientation&quot;:&quot;0&quot;}\" data-image-title=\"wasser\" data-image-description=\"\" data-image-caption=\"\" data-large-file=\"https:\/\/i0.wp.com\/tauritzmuehle.de\/wordpress\/wp-content\/uploads\/2016\/10\/wasser.jpg?fit=800%2C800&amp;ssl=1\" class=\"alignright wp-image-597\" src=\"https:\/\/i0.wp.com\/tauritzmuehle.de\/wordpress\/wp-content\/uploads\/2016\/10\/wasser.jpg?resize=300%2C300\" alt=\"wasser\" width=\"300\" height=\"300\" srcset=\"https:\/\/i0.wp.com\/tauritzmuehle.de\/wordpress\/wp-content\/uploads\/2016\/10\/wasser.jpg?w=800&amp;ssl=1 800w, https:\/\/i0.wp.com\/tauritzmuehle.de\/wordpress\/wp-content\/uploads\/2016\/10\/wasser.jpg?resize=100%2C100&amp;ssl=1 100w, https:\/\/i0.wp.com\/tauritzmuehle.de\/wordpress\/wp-content\/uploads\/2016\/10\/wasser.jpg?resize=200%2C200&amp;ssl=1 200w, https:\/\/i0.wp.com\/tauritzmuehle.de\/wordpress\/wp-content\/uploads\/2016\/10\/wasser.jpg?resize=768%2C768&amp;ssl=1 768w, https:\/\/i0.wp.com\/tauritzmuehle.de\/wordpress\/wp-content\/uploads\/2016\/10\/wasser.jpg?resize=300%2C300&amp;ssl=1 300w\" sizes=\"auto, (max-width: 300px) 100vw, 300px\" \/><\/a>Die Tauritzm\u00fchle ist eng in das markierte Wandernetz des Fichtelgebirges eingebunden. Deshalb ist sie ein idealer Ausgangs- und Zielpunkt f\u00fcr Wanderer, Reiter, Nordic Walker, Hundegassigeher :-), Geocacher und Biker mit und ohne Motor.&nbsp; Nat\u00fcrlich auch &#8222;old school&#8220;&nbsp; f\u00fcr Fahrradausfl\u00fcge aller Art.<\/p>\n<p><strong>\u2026zu Fu\u00df:<\/strong><\/p>\n<p>Rundwanderweg 1 =&gt; 7,5 km<br \/>\nRundwanderweg 2 =&gt; 8,5 km<br \/>\nRundwanderweg 3 =&gt; 8-13 km<\/p>\n<p><strong>\u2026mit dem Rad:<\/strong><\/p>\n<p>Bayreuth ca. 2 Std.<br \/>\nSpeichersdorf 10 min.<br \/>\nWeidenberg 40 min<br \/>\nKemnath 40 min<\/p>\n<p><a href=\"https:\/\/i0.wp.com\/tauritzmuehle.de\/wordpress\/wp-content\/uploads\/2016\/05\/Biber_2.jpg\"><img data-recalc-dims=\"1\" loading=\"lazy\" decoding=\"async\" data-attachment-id=\"450\" data-permalink=\"https:\/\/tauritzmuehle.de\/wordpress\/aktivitaeten\/biber_2\/\" data-orig-file=\"https:\/\/i0.wp.com\/tauritzmuehle.de\/wordpress\/wp-content\/uploads\/2016\/05\/Biber_2.jpg?fit=1024%2C590&amp;ssl=1\" data-orig-size=\"1024,590\" data-comments-opened=\"0\" data-image-meta=\"{&quot;aperture&quot;:&quot;0&quot;,&quot;credit&quot;:&quot;&quot;,&quot;camera&quot;:&quot;&quot;,&quot;caption&quot;:&quot;&quot;,&quot;created_timestamp&quot;:&quot;0&quot;,&quot;copyright&quot;:&quot;&quot;,&quot;focal_length&quot;:&quot;0&quot;,&quot;iso&quot;:&quot;0&quot;,&quot;shutter_speed&quot;:&quot;0&quot;,&quot;title&quot;:&quot;&quot;,&quot;orientation&quot;:&quot;0&quot;}\" data-image-title=\"Biber_2\" data-image-description=\"\" data-image-caption=\"\" data-large-file=\"https:\/\/i0.wp.com\/tauritzmuehle.de\/wordpress\/wp-content\/uploads\/2016\/05\/Biber_2.jpg?fit=1000%2C576&amp;ssl=1\" class=\"alignright wp-image-450\" src=\"https:\/\/i0.wp.com\/tauritzmuehle.de\/wordpress\/wp-content\/uploads\/2016\/05\/Biber_2.jpg?resize=300%2C173\" alt=\"Biber_2\" width=\"300\" height=\"173\" srcset=\"https:\/\/i0.wp.com\/tauritzmuehle.de\/wordpress\/wp-content\/uploads\/2016\/05\/Biber_2.jpg?w=1024&amp;ssl=1 1024w, https:\/\/i0.wp.com\/tauritzmuehle.de\/wordpress\/wp-content\/uploads\/2016\/05\/Biber_2.jpg?resize=250%2C144&amp;ssl=1 250w, https:\/\/i0.wp.com\/tauritzmuehle.de\/wordpress\/wp-content\/uploads\/2016\/05\/Biber_2.jpg?resize=768%2C443&amp;ssl=1 768w\" sizes=\"auto, (max-width: 300px) 100vw, 300px\" \/><\/a>Nicht zu vergessen unsere einzigartige \u00f6kologische Zelle. Mit seltenen Orchideenarten und anderen vom Aussterben bedrohten Pflanzenarten. Mit etwas Gl\u00fcck zeigt sich auch unsere Biberfamilie.<\/p>\n","protected":false},"excerpt":{"rendered":"<p>Zu Details zu den Rundwanderwegen besuchen sie bitte die sehr sch\u00f6ne Infosammlung des FGV Speichersdorf unter http:\/\/www.fgv-speichersdorf.de R\u00e4umlichkeiten zum Anmieten und Selbstbewirtschaften (siehe INFO-Button &gt; gr. Keller u.&nbsp; Nebenhaus) &gt; Rundwanderwege &gt; Idyllische Radwege &gt; Wassererlebnisplatz&nbsp;f\u00fcr Gro\u00df und Klein &#x1f609; &gt; Naturlehrpfad mit GPS Datens\u00e4tzen &gt; Camping u. Zeltplatz Die Tauritzm\u00fchle ist eng in das&#8230; <\/p>\n<div class=\"link-more\"><a href=\"https:\/\/tauritzmuehle.de\/wordpress\/aktivitaeten\/\">Weiterlesen<\/a><\/div>\n","protected":false},"author":1,"featured_media":2952,"parent":0,"menu_order":0,"comment_status":"closed","ping_status":"closed","template":"","meta":{"jetpack_post_was_ever_published":false,"footnotes":""},"class_list":["post-595","page","type-page","status-publish","has-post-thumbnail","hentry"],"jetpack_shortlink":"https:\/\/wp.me\/P4bFvl-9B","jetpack_sharing_enabled":true,"_links":{"self":[{"href":"https:\/\/tauritzmuehle.de\/wordpress\/wp-json\/wp\/v2\/pages\/595","targetHints":{"allow":["GET"]}}],"collection":[{"href":"https:\/\/tauritzmuehle.de\/wordpress\/wp-json\/wp\/v2\/pages"}],"about":[{"href":"https:\/\/tauritzmuehle.de\/wordpress\/wp-json\/wp\/v2\/types\/page"}],"author":[{"embeddable":true,"href":"https:\/\/tauritzmuehle.de\/wordpress\/wp-json\/wp\/v2\/users\/1"}],"replies":[{"embeddable":true,"href":"https:\/\/tauritzmuehle.de\/wordpress\/wp-json\/wp\/v2\/comments?post=595"}],"version-history":[{"count":15,"href":"https:\/\/tauritzmuehle.de\/wordpress\/wp-json\/wp\/v2\/pages\/595\/revisions"}],"predecessor-version":[{"id":2953,"href":"https:\/\/tauritzmuehle.de\/wordpress\/wp-json\/wp\/v2\/pages\/595\/revisions\/2953"}],"wp:featuredmedia":[{"embeddable":true,"href":"https:\/\/tauritzmuehle.de\/wordpress\/wp-json\/wp\/v2\/media\/2952"}],"wp:attachment":[{"href":"https:\/\/tauritzmuehle.de\/wordpress\/wp-json\/wp\/v2\/media?parent=595"}],"curies":[{"name":"wp","href":"https:\/\/api.w.org\/{rel}","templated":true}]}}