{"id":57,"date":"2013-12-22T10:54:35","date_gmt":"2013-12-22T08:54:35","guid":{"rendered":"http:\/\/tauritzmuehle.de\/wordpress\/?page_id=57"},"modified":"2020-10-30T15:15:37","modified_gmt":"2020-10-30T14:15:37","slug":"mmhhh","status":"publish","type":"page","link":"https:\/\/tauritzmuehle.de\/wordpress\/mmhhh\/","title":{"rendered":"\u00dcber uns&#8230;"},"content":{"rendered":"<p><b><img data-recalc-dims=\"1\" loading=\"lazy\" decoding=\"async\" data-attachment-id=\"404\" data-permalink=\"https:\/\/tauritzmuehle.de\/wordpress\/mmhhh\/6-20160417_114618\/\" data-orig-file=\"https:\/\/i0.wp.com\/tauritzmuehle.de\/wordpress\/wp-content\/uploads\/2013\/12\/6-20160417_114618.jpg?fit=4178%2C2983&amp;ssl=1\" data-orig-size=\"4178,2983\" data-comments-opened=\"0\" data-image-meta=\"{&quot;aperture&quot;:&quot;1.9&quot;,&quot;credit&quot;:&quot;&quot;,&quot;camera&quot;:&quot;SM-G920F&quot;,&quot;caption&quot;:&quot;&quot;,&quot;created_timestamp&quot;:&quot;1460893578&quot;,&quot;copyright&quot;:&quot;&quot;,&quot;focal_length&quot;:&quot;4.3&quot;,&quot;iso&quot;:&quot;200&quot;,&quot;shutter_speed&quot;:&quot;0.04&quot;,&quot;title&quot;:&quot;&quot;,&quot;orientation&quot;:&quot;1&quot;}\" data-image-title=\"6-20160417_114618\" data-image-description=\"\" data-image-caption=\"\" data-large-file=\"https:\/\/i0.wp.com\/tauritzmuehle.de\/wordpress\/wp-content\/uploads\/2013\/12\/6-20160417_114618.jpg?fit=1000%2C714&amp;ssl=1\" class=\"size-medium wp-image-404 alignleft\" src=\"https:\/\/i0.wp.com\/tauritzmuehle.de\/wordpress\/wp-content\/uploads\/2013\/12\/6-20160417_114618-250x178.jpg?resize=250%2C178\" alt=\"6-20160417_114618\" width=\"250\" height=\"178\" srcset=\"https:\/\/i0.wp.com\/tauritzmuehle.de\/wordpress\/wp-content\/uploads\/2013\/12\/6-20160417_114618.jpg?resize=250%2C178&amp;ssl=1 250w, https:\/\/i0.wp.com\/tauritzmuehle.de\/wordpress\/wp-content\/uploads\/2013\/12\/6-20160417_114618.jpg?resize=768%2C548&amp;ssl=1 768w, https:\/\/i0.wp.com\/tauritzmuehle.de\/wordpress\/wp-content\/uploads\/2013\/12\/6-20160417_114618.jpg?resize=1434%2C1024&amp;ssl=1 1434w, https:\/\/i0.wp.com\/tauritzmuehle.de\/wordpress\/wp-content\/uploads\/2013\/12\/6-20160417_114618.jpg?w=2000&amp;ssl=1 2000w, https:\/\/i0.wp.com\/tauritzmuehle.de\/wordpress\/wp-content\/uploads\/2013\/12\/6-20160417_114618.jpg?w=3000&amp;ssl=1 3000w\" sizes=\"auto, (max-width: 250px) 100vw, 250px\" \/><img data-recalc-dims=\"1\" loading=\"lazy\" decoding=\"async\" data-attachment-id=\"210\" data-permalink=\"https:\/\/tauritzmuehle.de\/wordpress\/mmhhh\/attachment\/5\/\" data-orig-file=\"https:\/\/i0.wp.com\/tauritzmuehle.de\/wordpress\/wp-content\/uploads\/2013\/12\/5.jpg?fit=250%2C180&amp;ssl=1\" data-orig-size=\"250,180\" data-comments-opened=\"0\" data-image-meta=\"{&quot;aperture&quot;:&quot;0&quot;,&quot;credit&quot;:&quot;&quot;,&quot;camera&quot;:&quot;&quot;,&quot;caption&quot;:&quot;&quot;,&quot;created_timestamp&quot;:&quot;0&quot;,&quot;copyright&quot;:&quot;&quot;,&quot;focal_length&quot;:&quot;0&quot;,&quot;iso&quot;:&quot;0&quot;,&quot;shutter_speed&quot;:&quot;0&quot;,&quot;title&quot;:&quot;&quot;}\" data-image-title=\"5\" data-image-description=\"\" data-image-caption=\"&lt;p&gt;Blick auf den Kachelofen und auf ein Urgestein des FGV, unser lieber Albin&lt;\/p&gt;\n\" data-large-file=\"https:\/\/i0.wp.com\/tauritzmuehle.de\/wordpress\/wp-content\/uploads\/2013\/12\/5.jpg?fit=250%2C180&amp;ssl=1\" class=\"alignright size-full wp-image-210\" src=\"https:\/\/i0.wp.com\/tauritzmuehle.de\/wordpress\/wp-content\/uploads\/2013\/12\/5.jpg?resize=250%2C180\" alt=\"5\" width=\"250\" height=\"180\" srcset=\"https:\/\/i0.wp.com\/tauritzmuehle.de\/wordpress\/wp-content\/uploads\/2013\/12\/5.jpg?w=250&amp;ssl=1 250w, https:\/\/i0.wp.com\/tauritzmuehle.de\/wordpress\/wp-content\/uploads\/2013\/12\/5.jpg?resize=160%2C115&amp;ssl=1 160w\" sizes=\"auto, (max-width: 250px) 100vw, 250px\" \/>Natur erleben und Natur geniessen<\/b><\/p>\n<p>Immer unserer Philosophie folgend, bieten wir unseren G\u00e4sten frische und&nbsp;regionale Ware an.<br \/>\nOb eine deftige Brotzeit, frische Forelle in der Folie, leckere Braten am Sonntag oder saisonale Schmankerl, es ist f\u00fcr jeden etwas dabei. Sonntags steht bei uns der traditionelle Braten mit Kl\u00f6\u00dfen im Mittelpunkt. W\u00e4hlen sie aus einer Vielzahl verschiedener Braten und bedienen sie sich an unserem Salatb\u00fcfett.<\/p>\n<p><img data-recalc-dims=\"1\" loading=\"lazy\" decoding=\"async\" data-attachment-id=\"187\" data-permalink=\"https:\/\/tauritzmuehle.de\/wordpress\/cimg0775\/\" data-orig-file=\"https:\/\/i0.wp.com\/tauritzmuehle.de\/wordpress\/wp-content\/uploads\/2013\/12\/CIMG0775.jpg?fit=2304%2C1728&amp;ssl=1\" data-orig-size=\"2304,1728\" data-comments-opened=\"0\" data-image-meta=\"{&quot;aperture&quot;:&quot;2.6&quot;,&quot;credit&quot;:&quot;&quot;,&quot;camera&quot;:&quot;EX-Z40&quot;,&quot;caption&quot;:&quot;&quot;,&quot;created_timestamp&quot;:&quot;1111163753&quot;,&quot;copyright&quot;:&quot;&quot;,&quot;focal_length&quot;:&quot;5.8&quot;,&quot;iso&quot;:&quot;0&quot;,&quot;shutter_speed&quot;:&quot;0.04&quot;,&quot;title&quot;:&quot;&quot;}\" data-image-title=\"CIMG0775\" data-image-description=\"\" data-image-caption=\"\" data-large-file=\"https:\/\/i0.wp.com\/tauritzmuehle.de\/wordpress\/wp-content\/uploads\/2013\/12\/CIMG0775.jpg?fit=1000%2C750&amp;ssl=1\" class=\"size-medium wp-image-187 alignright\" src=\"https:\/\/i0.wp.com\/tauritzmuehle.de\/wordpress\/wp-content\/uploads\/2013\/12\/CIMG0775-250x187.jpg?resize=250%2C187\" alt=\"CIMG0775\" width=\"250\" height=\"187\" srcset=\"https:\/\/i0.wp.com\/tauritzmuehle.de\/wordpress\/wp-content\/uploads\/2013\/12\/CIMG0775.jpg?resize=250%2C187&amp;ssl=1 250w, https:\/\/i0.wp.com\/tauritzmuehle.de\/wordpress\/wp-content\/uploads\/2013\/12\/CIMG0775.jpg?resize=1365%2C1024&amp;ssl=1 1365w, https:\/\/i0.wp.com\/tauritzmuehle.de\/wordpress\/wp-content\/uploads\/2013\/12\/CIMG0775.jpg?resize=560%2C420&amp;ssl=1 560w, https:\/\/i0.wp.com\/tauritzmuehle.de\/wordpress\/wp-content\/uploads\/2013\/12\/CIMG0775.jpg?resize=260%2C195&amp;ssl=1 260w, https:\/\/i0.wp.com\/tauritzmuehle.de\/wordpress\/wp-content\/uploads\/2013\/12\/CIMG0775.jpg?resize=160%2C120&amp;ssl=1 160w, https:\/\/i0.wp.com\/tauritzmuehle.de\/wordpress\/wp-content\/uploads\/2013\/12\/CIMG0775.jpg?resize=386%2C290&amp;ssl=1 386w, https:\/\/i0.wp.com\/tauritzmuehle.de\/wordpress\/wp-content\/uploads\/2013\/12\/CIMG0775.jpg?resize=290%2C218&amp;ssl=1 290w, https:\/\/i0.wp.com\/tauritzmuehle.de\/wordpress\/wp-content\/uploads\/2013\/12\/CIMG0775.jpg?resize=193%2C145&amp;ssl=1 193w, https:\/\/i0.wp.com\/tauritzmuehle.de\/wordpress\/wp-content\/uploads\/2013\/12\/CIMG0775.jpg?w=2000&amp;ssl=1 2000w\" sizes=\"auto, (max-width: 250px) 100vw, 250px\" \/>Zum Kaffee gibt es nat\u00fcrlich verschiedene Kuchen, bei deren Rezepturen die M\u00fctter und Gro\u00dfm\u00fctter ebenfalls Pate standen. Aber nicht nur die Speisen, auch die Auswahl an Getr\u00e4nken ist vielf\u00e4ltig und regional. Diverse heimische Bierspezialit\u00e4ten, fr\u00e4nkische und spanische Weine sowie erlesene Spirituosen haben wir f\u00fcr Sie im Angebot.<\/p>\n<blockquote><p><img data-recalc-dims=\"1\" loading=\"lazy\" decoding=\"async\" data-attachment-id=\"211\" data-permalink=\"https:\/\/tauritzmuehle.de\/wordpress\/mmhhh\/attachment\/14\/\" data-orig-file=\"https:\/\/i0.wp.com\/tauritzmuehle.de\/wordpress\/wp-content\/uploads\/2013\/12\/14.jpg?fit=250%2C180&amp;ssl=1\" data-orig-size=\"250,180\" data-comments-opened=\"0\" data-image-meta=\"{&quot;aperture&quot;:&quot;0&quot;,&quot;credit&quot;:&quot;&quot;,&quot;camera&quot;:&quot;&quot;,&quot;caption&quot;:&quot;&quot;,&quot;created_timestamp&quot;:&quot;0&quot;,&quot;copyright&quot;:&quot;&quot;,&quot;focal_length&quot;:&quot;0&quot;,&quot;iso&quot;:&quot;0&quot;,&quot;shutter_speed&quot;:&quot;0&quot;,&quot;title&quot;:&quot;&quot;}\" data-image-title=\"14\" data-image-description=\"\" data-image-caption=\"\" data-large-file=\"https:\/\/i0.wp.com\/tauritzmuehle.de\/wordpress\/wp-content\/uploads\/2013\/12\/14.jpg?fit=250%2C180&amp;ssl=1\" class=\"alignright size-full wp-image-211\" src=\"https:\/\/i0.wp.com\/tauritzmuehle.de\/wordpress\/wp-content\/uploads\/2013\/12\/14.jpg?resize=250%2C180\" alt=\"14\" width=\"250\" height=\"180\" srcset=\"https:\/\/i0.wp.com\/tauritzmuehle.de\/wordpress\/wp-content\/uploads\/2013\/12\/14.jpg?w=250&amp;ssl=1 250w, https:\/\/i0.wp.com\/tauritzmuehle.de\/wordpress\/wp-content\/uploads\/2013\/12\/14.jpg?resize=160%2C115&amp;ssl=1 160w\" sizes=\"auto, (max-width: 250px) 100vw, 250px\" \/><strong>Kommen Sie die &#8222;Natur genie\u00dfen&#8220;.<\/strong><\/p><\/blockquote>\n<p>einen guten Appetit und einen sch\u00f6nen Aufenthalt<\/p>\n<p>w\u00fcnscht Euer M\u00fchlenteam \ud83d\ude42<\/p>\n<p><a href=\"https:\/\/i0.wp.com\/tauritzmuehle.de\/wordpress\/wp-content\/uploads\/2013\/12\/surprise10.jpg\"><img data-recalc-dims=\"1\" loading=\"lazy\" decoding=\"async\" data-attachment-id=\"478\" data-permalink=\"https:\/\/tauritzmuehle.de\/wordpress\/mmhhh\/surprise10\/\" data-orig-file=\"https:\/\/i0.wp.com\/tauritzmuehle.de\/wordpress\/wp-content\/uploads\/2013\/12\/surprise10.jpg?fit=3852%2C2551&amp;ssl=1\" data-orig-size=\"3852,2551\" data-comments-opened=\"0\" data-image-meta=\"{&quot;aperture&quot;:&quot;2.2&quot;,&quot;credit&quot;:&quot;Picasa&quot;,&quot;camera&quot;:&quot;GT-I9505&quot;,&quot;caption&quot;:&quot;&quot;,&quot;created_timestamp&quot;:&quot;1396376131&quot;,&quot;copyright&quot;:&quot;&quot;,&quot;focal_length&quot;:&quot;4.2&quot;,&quot;iso&quot;:&quot;80&quot;,&quot;shutter_speed&quot;:&quot;0.01&quot;,&quot;title&quot;:&quot;&quot;,&quot;orientation&quot;:&quot;0&quot;}\" data-image-title=\"surprise10\" data-image-description=\"\" data-image-caption=\"\" data-large-file=\"https:\/\/i0.wp.com\/tauritzmuehle.de\/wordpress\/wp-content\/uploads\/2013\/12\/surprise10.jpg?fit=1000%2C662&amp;ssl=1\" class=\"alignright wp-image-478\" src=\"https:\/\/i0.wp.com\/tauritzmuehle.de\/wordpress\/wp-content\/uploads\/2013\/12\/surprise10.jpg?resize=800%2C530\" alt=\"surprise10\" width=\"800\" height=\"530\" srcset=\"https:\/\/i0.wp.com\/tauritzmuehle.de\/wordpress\/wp-content\/uploads\/2013\/12\/surprise10.jpg?w=3852&amp;ssl=1 3852w, https:\/\/i0.wp.com\/tauritzmuehle.de\/wordpress\/wp-content\/uploads\/2013\/12\/surprise10.jpg?resize=250%2C166&amp;ssl=1 250w, https:\/\/i0.wp.com\/tauritzmuehle.de\/wordpress\/wp-content\/uploads\/2013\/12\/surprise10.jpg?resize=768%2C509&amp;ssl=1 768w, https:\/\/i0.wp.com\/tauritzmuehle.de\/wordpress\/wp-content\/uploads\/2013\/12\/surprise10.jpg?resize=1546%2C1024&amp;ssl=1 1546w, https:\/\/i0.wp.com\/tauritzmuehle.de\/wordpress\/wp-content\/uploads\/2013\/12\/surprise10.jpg?w=2000&amp;ssl=1 2000w, https:\/\/i0.wp.com\/tauritzmuehle.de\/wordpress\/wp-content\/uploads\/2013\/12\/surprise10.jpg?w=3000&amp;ssl=1 3000w\" sizes=\"auto, (max-width: 800px) 100vw, 800px\" \/><\/a><\/p>\n","protected":false},"excerpt":{"rendered":"<p>Natur erleben und Natur geniessen Immer unserer Philosophie folgend, bieten wir unseren G\u00e4sten frische und&nbsp;regionale Ware an. Ob eine deftige Brotzeit, frische Forelle in der Folie, leckere Braten am Sonntag oder saisonale Schmankerl, es ist f\u00fcr jeden etwas dabei. Sonntags steht bei uns der traditionelle Braten mit Kl\u00f6\u00dfen im Mittelpunkt. W\u00e4hlen sie aus einer Vielzahl&#8230; <\/p>\n<div class=\"link-more\"><a href=\"https:\/\/tauritzmuehle.de\/wordpress\/mmhhh\/\">Weiterlesen<\/a><\/div>\n","protected":false},"author":1,"featured_media":2947,"parent":0,"menu_order":0,"comment_status":"closed","ping_status":"closed","template":"","meta":{"footnotes":""},"class_list":["post-57","page","type-page","status-publish","has-post-thumbnail","hentry"],"jetpack_shortlink":"https:\/\/wp.me\/P4bFvl-V","jetpack_sharing_enabled":true,"_links":{"self":[{"href":"https:\/\/tauritzmuehle.de\/wordpress\/wp-json\/wp\/v2\/pages\/57","targetHints":{"allow":["GET"]}}],"collection":[{"href":"https:\/\/tauritzmuehle.de\/wordpress\/wp-json\/wp\/v2\/pages"}],"about":[{"href":"https:\/\/tauritzmuehle.de\/wordpress\/wp-json\/wp\/v2\/types\/page"}],"author":[{"embeddable":true,"href":"https:\/\/tauritzmuehle.de\/wordpress\/wp-json\/wp\/v2\/users\/1"}],"replies":[{"embeddable":true,"href":"https:\/\/tauritzmuehle.de\/wordpress\/wp-json\/wp\/v2\/comments?post=57"}],"version-history":[{"count":19,"href":"https:\/\/tauritzmuehle.de\/wordpress\/wp-json\/wp\/v2\/pages\/57\/revisions"}],"predecessor-version":[{"id":2945,"href":"https:\/\/tauritzmuehle.de\/wordpress\/wp-json\/wp\/v2\/pages\/57\/revisions\/2945"}],"wp:featuredmedia":[{"embeddable":true,"href":"https:\/\/tauritzmuehle.de\/wordpress\/wp-json\/wp\/v2\/media\/2947"}],"wp:attachment":[{"href":"https:\/\/tauritzmuehle.de\/wordpress\/wp-json\/wp\/v2\/media?parent=57"}],"curies":[{"name":"wp","href":"https:\/\/api.w.org\/{rel}","templated":true}]}}