{"id":51,"date":"2013-12-22T10:53:01","date_gmt":"2013-12-22T08:53:01","guid":{"rendered":"http:\/\/tauritzmuehle.de\/wordpress\/?page_id=51"},"modified":"2016-12-05T16:43:55","modified_gmt":"2016-12-05T15:43:55","slug":"geschichte","status":"publish","type":"page","link":"https:\/\/tauritzmuehle.de\/wordpress\/geschichte\/","title":{"rendered":"Die Geschichte der Tauritzm\u00fchle"},"content":{"rendered":"<p><a href=\"https:\/\/i0.wp.com\/tauritzmuehle.de\/wordpress\/wp-content\/uploads\/2013\/12\/1.jpg\"><img data-recalc-dims=\"1\" loading=\"lazy\" decoding=\"async\" data-attachment-id=\"204\" data-permalink=\"https:\/\/tauritzmuehle.de\/wordpress\/geschichte\/attachment\/1\/\" data-orig-file=\"https:\/\/i0.wp.com\/tauritzmuehle.de\/wordpress\/wp-content\/uploads\/2013\/12\/1.jpg?fit=250%2C180&amp;ssl=1\" data-orig-size=\"250,180\" data-comments-opened=\"0\" data-image-meta=\"{&quot;aperture&quot;:&quot;0&quot;,&quot;credit&quot;:&quot;&quot;,&quot;camera&quot;:&quot;&quot;,&quot;caption&quot;:&quot;&quot;,&quot;created_timestamp&quot;:&quot;0&quot;,&quot;copyright&quot;:&quot;&quot;,&quot;focal_length&quot;:&quot;0&quot;,&quot;iso&quot;:&quot;0&quot;,&quot;shutter_speed&quot;:&quot;0&quot;,&quot;title&quot;:&quot;&quot;}\" data-image-title=\"1\" data-image-description=\"\" data-image-caption=\"\" data-large-file=\"https:\/\/i0.wp.com\/tauritzmuehle.de\/wordpress\/wp-content\/uploads\/2013\/12\/1.jpg?fit=250%2C180&amp;ssl=1\" class=\"alignright size-full wp-image-204\" src=\"https:\/\/i0.wp.com\/tauritzmuehle.de\/wordpress\/wp-content\/uploads\/2013\/12\/1.jpg?resize=250%2C180\" alt=\"1\" width=\"250\" height=\"180\" srcset=\"https:\/\/i0.wp.com\/tauritzmuehle.de\/wordpress\/wp-content\/uploads\/2013\/12\/1.jpg?w=250&amp;ssl=1 250w, https:\/\/i0.wp.com\/tauritzmuehle.de\/wordpress\/wp-content\/uploads\/2013\/12\/1.jpg?resize=160%2C115&amp;ssl=1 160w\" sizes=\"auto, (max-width: 250px) 100vw, 250px\" \/><\/a>An der S\u00fcdseite des Fichtelgebirges liegt in Auen eingebettet, am Tauritzbach, die Tauritzm\u00fchle.<\/p>\n<p>Ca. 4 km nordwestlich von Speichersdorf in Richtung Weidenberg. Im S\u00fcden der Rauhe Kulm, im Westen der Armesberg und im Norden der Poppenberg kr\u00f6nen die herrliche Lage der Tauritzm\u00fchle.<\/p>\n<p>Die im Anfang des 20.Jahrhundert entstandene M\u00fchle, betrieben durch die angestaute Tauritz, hatte nach dem letzten Krieg verschiedene Besitzer. Die unbewohnte M\u00fchle brannte 1970 bis auf die Grundmauern ab. 1975 setzte sich die FGV Ortsgruppe Speichersdorf zum Ziel, die Tauritzm\u00fchle mit \u00f6kologischen Feuchtbiotop zu erwerben. Mit den Kauf der Grundst\u00fccke im Jahre 1978 war der Grundstock f\u00fcr den Wiederaufbau gesetzt.<\/p>\n<p><img data-recalc-dims=\"1\" loading=\"lazy\" decoding=\"async\" data-attachment-id=\"207\" data-permalink=\"https:\/\/tauritzmuehle.de\/wordpress\/geschichte\/backofen-2\/\" data-orig-file=\"https:\/\/i0.wp.com\/tauritzmuehle.de\/wordpress\/wp-content\/uploads\/2013\/12\/backofen1.jpg?fit=250%2C180&amp;ssl=1\" data-orig-size=\"250,180\" data-comments-opened=\"0\" data-image-meta=\"{&quot;aperture&quot;:&quot;0&quot;,&quot;credit&quot;:&quot;Alex Klett&quot;,&quot;camera&quot;:&quot;&quot;,&quot;caption&quot;:&quot;&quot;,&quot;created_timestamp&quot;:&quot;0&quot;,&quot;copyright&quot;:&quot;&quot;,&quot;focal_length&quot;:&quot;0&quot;,&quot;iso&quot;:&quot;0&quot;,&quot;shutter_speed&quot;:&quot;0&quot;,&quot;title&quot;:&quot;&quot;}\" data-image-title=\"backofen\" data-image-description=\"\" data-image-caption=\"\" data-large-file=\"https:\/\/i0.wp.com\/tauritzmuehle.de\/wordpress\/wp-content\/uploads\/2013\/12\/backofen1.jpg?fit=250%2C180&amp;ssl=1\" class=\"alignright size-full wp-image-207\" src=\"https:\/\/i0.wp.com\/tauritzmuehle.de\/wordpress\/wp-content\/uploads\/2013\/12\/backofen1.jpg?resize=250%2C180\" alt=\"backofen\" width=\"250\" height=\"180\" srcset=\"https:\/\/i0.wp.com\/tauritzmuehle.de\/wordpress\/wp-content\/uploads\/2013\/12\/backofen1.jpg?w=250&amp;ssl=1 250w, https:\/\/i0.wp.com\/tauritzmuehle.de\/wordpress\/wp-content\/uploads\/2013\/12\/backofen1.jpg?resize=160%2C115&amp;ssl=1 160w\" sizes=\"auto, (max-width: 250px) 100vw, 250px\" \/>13.10.1979 : Einweihung des Holzbackofens<\/p>\n<p>01.09.1982 : Grundsteinlegung der M\u00fchle;\u00a0\u00a0 Fertigstellung des Weinkellers<\/p>\n<p>01.09.1984 : Einweihung der Tauritzm\u00fchle<\/p>\n<p>08.10.1992 : Fertigstellung\u00a0des Nebengeb\u00e4udes mit Keller<\/p>\n<p>01.07.2002 : Ansiedlung eines Bibers<\/p>\n<p>seit 2004 : Verpachtung der M\u00fchle an Familie Sch\u00e4ffler<\/p>\n<p><em><strong><span style=\"text-decoration: underline;\">Es begann am 28.8.1973 &#8230;<\/span><\/strong><\/em><\/p>\n<p><em><img data-recalc-dims=\"1\" loading=\"lazy\" decoding=\"async\" data-attachment-id=\"203\" data-permalink=\"https:\/\/tauritzmuehle.de\/wordpress\/geschichte\/attachment\/4\/\" data-orig-file=\"https:\/\/i0.wp.com\/tauritzmuehle.de\/wordpress\/wp-content\/uploads\/2013\/12\/4.jpg?fit=250%2C180&amp;ssl=1\" data-orig-size=\"250,180\" data-comments-opened=\"0\" data-image-meta=\"{&quot;aperture&quot;:&quot;0&quot;,&quot;credit&quot;:&quot;&quot;,&quot;camera&quot;:&quot;&quot;,&quot;caption&quot;:&quot;&quot;,&quot;created_timestamp&quot;:&quot;0&quot;,&quot;copyright&quot;:&quot;&quot;,&quot;focal_length&quot;:&quot;0&quot;,&quot;iso&quot;:&quot;0&quot;,&quot;shutter_speed&quot;:&quot;0&quot;,&quot;title&quot;:&quot;&quot;}\" data-image-title=\"4\" data-image-description=\"\" data-image-caption=\"\" data-large-file=\"https:\/\/i0.wp.com\/tauritzmuehle.de\/wordpress\/wp-content\/uploads\/2013\/12\/4.jpg?fit=250%2C180&amp;ssl=1\" class=\"alignright size-full wp-image-203\" src=\"https:\/\/i0.wp.com\/tauritzmuehle.de\/wordpress\/wp-content\/uploads\/2013\/12\/4.jpg?resize=250%2C180\" alt=\"4\" width=\"250\" height=\"180\" srcset=\"https:\/\/i0.wp.com\/tauritzmuehle.de\/wordpress\/wp-content\/uploads\/2013\/12\/4.jpg?w=250&amp;ssl=1 250w, https:\/\/i0.wp.com\/tauritzmuehle.de\/wordpress\/wp-content\/uploads\/2013\/12\/4.jpg?resize=160%2C115&amp;ssl=1 160w\" sizes=\"auto, (max-width: 250px) 100vw, 250px\" \/>Siegfried Sch\u00e4ller verschickte ein Schreiben an die B\u00fcrger der Gemeinde, wegen Gr\u00fcndung einer Fichtelgebirgsverein Ortsgruppe. Am 16.11.1973 kam es im Sportheim zur Gr\u00fcndung der Ortsgruppe. 92 B\u00fcrger erkl\u00e4rten Ihren Beitritt. <\/em><\/p>\n<p><em>1. Obmann wurde Siegfried Sch\u00e4ller.<\/em><\/p>\n<p><em>Eine schaffungsvolle Zeit hatte Ihren Anfang. Ruheb\u00e4nke wurden aufgestellt, Wanderwege markiert. Im Dezember 1974 erste Ausstellung nach dem Motto&#8220; Wenn mancher Mann w\u00fc\u00dfte, wer mancher Mann w\u00e4r&#8220;. Welch ein Erfolg, 5000 Besucher. Am 5.\/6. Juli 1975 der erste Internationale Wandertag. Rundwanderwege wurden angelegt. Bastelkurse f\u00fcr Strohsterne, Bauernmalerei in der Schule, Ostereiersuchen, Zeltlager, Preisschwammerl&#8217;n waren die Aktivit\u00e4ten. Mitgliederstand am Ende des Jahres: 401. Die Int. Wandertage mit Manfred Str\u00f6ssenreuther wurden zur Dauereinrichtung. <\/em><\/p>\n<p><em>1978 Mitgliederstand: 610. Da begann die Zeit der H\u00e4uslebauer.<img data-recalc-dims=\"1\" loading=\"lazy\" decoding=\"async\" data-attachment-id=\"205\" data-permalink=\"https:\/\/tauritzmuehle.de\/wordpress\/geschichte\/attachment\/6\/\" data-orig-file=\"https:\/\/i0.wp.com\/tauritzmuehle.de\/wordpress\/wp-content\/uploads\/2013\/12\/6.jpg?fit=250%2C180&amp;ssl=1\" data-orig-size=\"250,180\" data-comments-opened=\"0\" data-image-meta=\"{&quot;aperture&quot;:&quot;0&quot;,&quot;credit&quot;:&quot;&quot;,&quot;camera&quot;:&quot;&quot;,&quot;caption&quot;:&quot;&quot;,&quot;created_timestamp&quot;:&quot;0&quot;,&quot;copyright&quot;:&quot;&quot;,&quot;focal_length&quot;:&quot;0&quot;,&quot;iso&quot;:&quot;0&quot;,&quot;shutter_speed&quot;:&quot;0&quot;,&quot;title&quot;:&quot;&quot;}\" data-image-title=\"6\" data-image-description=\"\" data-image-caption=\"\" data-large-file=\"https:\/\/i0.wp.com\/tauritzmuehle.de\/wordpress\/wp-content\/uploads\/2013\/12\/6.jpg?fit=250%2C180&amp;ssl=1\" class=\"alignright size-full wp-image-205\" src=\"https:\/\/i0.wp.com\/tauritzmuehle.de\/wordpress\/wp-content\/uploads\/2013\/12\/6.jpg?resize=250%2C180\" alt=\"6\" width=\"250\" height=\"180\" srcset=\"https:\/\/i0.wp.com\/tauritzmuehle.de\/wordpress\/wp-content\/uploads\/2013\/12\/6.jpg?w=250&amp;ssl=1 250w, https:\/\/i0.wp.com\/tauritzmuehle.de\/wordpress\/wp-content\/uploads\/2013\/12\/6.jpg?resize=160%2C115&amp;ssl=1 160w\" sizes=\"auto, (max-width: 250px) 100vw, 250px\" \/><\/em><\/p>\n<p><em>Mit den Ankauf des Areals um die abgebrannte Tauritzm\u00fchle wurde der Grundstock gesetzt. Am 13.10.1979 Einweihung des Backofens. In der &#8222;Alten Liebe&#8220;( etwas bessere Baubude) wurden am 6.9.1980 die ersten Wanderfreude bewirtet. Wandertag, Sonnwendfeuer, Zeltlager und Weinkeller bauen &#8211; eine aufregende Zeit. Die Ortsgruppe gibt sich eine eigene Satzung. Im April 1982 wurde die Elektrifizierung der M\u00fchle vollzogen. 120 Mitglieder legten in 2 Tagen 1,3km Stromkabel, eine Glanzleistung. Anbei wurden noch Wandertafeln in Ahorntal aufgestellt, Aktion &#8222;Sauberer Wald&#8220; durchgef\u00fchrt. 1.9.1982 Spatenstich f\u00fcr die Tauritzm\u00fchle. Am 27.5.1983 konnte die Ortsgruppe das 1000. Mitglied begr\u00fc\u00dfen. Im Jahr 1983 Gr\u00fcndung der Musikschule und Einweihung des Naturlehrpfades.<\/em><\/p>\n<p><em><img data-recalc-dims=\"1\" loading=\"lazy\" decoding=\"async\" data-attachment-id=\"199\" data-permalink=\"https:\/\/tauritzmuehle.de\/wordpress\/geschichte\/attachment\/12\/\" data-orig-file=\"https:\/\/i0.wp.com\/tauritzmuehle.de\/wordpress\/wp-content\/uploads\/2013\/12\/12.jpg?fit=250%2C180&amp;ssl=1\" data-orig-size=\"250,180\" data-comments-opened=\"0\" data-image-meta=\"{&quot;aperture&quot;:&quot;0&quot;,&quot;credit&quot;:&quot;&quot;,&quot;camera&quot;:&quot;&quot;,&quot;caption&quot;:&quot;&quot;,&quot;created_timestamp&quot;:&quot;0&quot;,&quot;copyright&quot;:&quot;&quot;,&quot;focal_length&quot;:&quot;0&quot;,&quot;iso&quot;:&quot;0&quot;,&quot;shutter_speed&quot;:&quot;0&quot;,&quot;title&quot;:&quot;&quot;}\" data-image-title=\"12\" data-image-description=\"\" data-image-caption=\"\" data-large-file=\"https:\/\/i0.wp.com\/tauritzmuehle.de\/wordpress\/wp-content\/uploads\/2013\/12\/12.jpg?fit=250%2C180&amp;ssl=1\" class=\"alignright size-full wp-image-199\" src=\"https:\/\/i0.wp.com\/tauritzmuehle.de\/wordpress\/wp-content\/uploads\/2013\/12\/12.jpg?resize=250%2C180\" alt=\"12\" width=\"250\" height=\"180\" srcset=\"https:\/\/i0.wp.com\/tauritzmuehle.de\/wordpress\/wp-content\/uploads\/2013\/12\/12.jpg?w=250&amp;ssl=1 250w, https:\/\/i0.wp.com\/tauritzmuehle.de\/wordpress\/wp-content\/uploads\/2013\/12\/12.jpg?resize=160%2C115&amp;ssl=1 160w\" sizes=\"auto, (max-width: 250px) 100vw, 250px\" \/>Am\u00a01. und 2. September 1984 Einweihung der Tauritzm\u00fchle. <\/em><\/p>\n<p><em>Die Bewirtung erfolgte noch bis 2004 von den Mitgliedern. <\/em><\/p>\n<p><em>Der Vater unseres P\u00e4chters (ab April 2004) Uwe Sch\u00e4ffler war selbst Gr\u00fcndungsmitglied.<\/em><\/p>\n<p><em>Richtfest des Nebengeb\u00e4udes und des Speichersdorfer Kellers am 10.9.1988. Der Keller wird f\u00fcr kulturelle Veranstaltungen genutzt, wie Krippenausstellung, Kunstausstellung und Vortr\u00e4ge. Mit 1282 Mitgliedern erreichte 1991 die Ortsgruppe den h\u00f6chsten Mitgliederstand. Porzellinertreffen, Wandertag, Sonnwendfeuer und Kirchweih geh\u00f6rten da schon zur festen Einrichtung.<\/em><\/p>\n<p><em>Um dies alles zu erhalten, braucht die Ortsgruppe nat\u00fcrlich viele Mitglieder, ob aktiv oder passiv. Als Mitglied unterst\u00fctzen Sie auf jeden Fall die ehrenamtliche Arbeit des Fichtelgebirgsvereins.<\/em><\/p>\n<p><em><a href=\"http:\/\/www.fgv-speichersdorf.de\/\" target=\"_blank\">http:\/\/www.fgv-speichersdorf.de\/<\/a><a href=\"https:\/\/i0.wp.com\/tauritzmuehle.de\/wordpress\/wp-content\/uploads\/2016\/10\/fgvlogo.jpg\"><img data-recalc-dims=\"1\" loading=\"lazy\" decoding=\"async\" data-attachment-id=\"578\" data-permalink=\"https:\/\/tauritzmuehle.de\/wordpress\/geschichte\/fgvlogo-3\/\" data-orig-file=\"https:\/\/i0.wp.com\/tauritzmuehle.de\/wordpress\/wp-content\/uploads\/2016\/10\/fgvlogo.jpg?fit=60%2C61&amp;ssl=1\" data-orig-size=\"60,61\" data-comments-opened=\"0\" data-image-meta=\"{&quot;aperture&quot;:&quot;0&quot;,&quot;credit&quot;:&quot;Alex Klett&quot;,&quot;camera&quot;:&quot;&quot;,&quot;caption&quot;:&quot;&quot;,&quot;created_timestamp&quot;:&quot;1476948786&quot;,&quot;copyright&quot;:&quot;&quot;,&quot;focal_length&quot;:&quot;0&quot;,&quot;iso&quot;:&quot;0&quot;,&quot;shutter_speed&quot;:&quot;0&quot;,&quot;title&quot;:&quot;&quot;,&quot;orientation&quot;:&quot;0&quot;}\" data-image-title=\"fgvlogo\" data-image-description=\"\" data-image-caption=\"\" data-large-file=\"https:\/\/i0.wp.com\/tauritzmuehle.de\/wordpress\/wp-content\/uploads\/2016\/10\/fgvlogo.jpg?fit=60%2C61&amp;ssl=1\" class=\"alignright size-full wp-image-578\" src=\"https:\/\/i0.wp.com\/tauritzmuehle.de\/wordpress\/wp-content\/uploads\/2016\/10\/fgvlogo.jpg?resize=60%2C61\" alt=\"fgvlogo\" width=\"60\" height=\"61\" \/><\/a><\/em><\/p>\n<p>&nbsp;<\/p>\n","protected":false},"excerpt":{"rendered":"<p>An der S\u00fcdseite des Fichtelgebirges liegt in Auen eingebettet, am Tauritzbach, die Tauritzm\u00fchle. Ca. 4 km nordwestlich von Speichersdorf in Richtung Weidenberg. Im S\u00fcden der Rauhe Kulm, im Westen der Armesberg und im Norden der Poppenberg kr\u00f6nen die herrliche Lage der Tauritzm\u00fchle. Die im Anfang des 20.Jahrhundert entstandene M\u00fchle, betrieben durch die angestaute Tauritz, hatte&#8230; <\/p>\n<div class=\"link-more\"><a href=\"https:\/\/tauritzmuehle.de\/wordpress\/geschichte\/\">Weiterlesen<\/a><\/div>\n","protected":false},"author":1,"featured_media":599,"parent":0,"menu_order":0,"comment_status":"closed","ping_status":"closed","template":"","meta":{"jetpack_post_was_ever_published":false,"footnotes":""},"class_list":["post-51","page","type-page","status-publish","has-post-thumbnail","hentry"],"jetpack_shortlink":"https:\/\/wp.me\/P4bFvl-P","jetpack_sharing_enabled":true,"_links":{"self":[{"href":"https:\/\/tauritzmuehle.de\/wordpress\/wp-json\/wp\/v2\/pages\/51","targetHints":{"allow":["GET"]}}],"collection":[{"href":"https:\/\/tauritzmuehle.de\/wordpress\/wp-json\/wp\/v2\/pages"}],"about":[{"href":"https:\/\/tauritzmuehle.de\/wordpress\/wp-json\/wp\/v2\/types\/page"}],"author":[{"embeddable":true,"href":"https:\/\/tauritzmuehle.de\/wordpress\/wp-json\/wp\/v2\/users\/1"}],"replies":[{"embeddable":true,"href":"https:\/\/tauritzmuehle.de\/wordpress\/wp-json\/wp\/v2\/comments?post=51"}],"version-history":[{"count":26,"href":"https:\/\/tauritzmuehle.de\/wordpress\/wp-json\/wp\/v2\/pages\/51\/revisions"}],"predecessor-version":[{"id":746,"href":"https:\/\/tauritzmuehle.de\/wordpress\/wp-json\/wp\/v2\/pages\/51\/revisions\/746"}],"wp:featuredmedia":[{"embeddable":true,"href":"https:\/\/tauritzmuehle.de\/wordpress\/wp-json\/wp\/v2\/media\/599"}],"wp:attachment":[{"href":"https:\/\/tauritzmuehle.de\/wordpress\/wp-json\/wp\/v2\/media?parent=51"}],"curies":[{"name":"wp","href":"https:\/\/api.w.org\/{rel}","templated":true}]}}