{"id":5004,"date":"2023-01-05T19:55:44","date_gmt":"2023-01-05T18:55:44","guid":{"rendered":"https:\/\/tauritzmuehle.de\/wordpress\/?page_id=5004"},"modified":"2025-04-02T11:10:56","modified_gmt":"2025-04-02T09:10:56","slug":"tischreservierung-neu","status":"publish","type":"page","link":"https:\/\/tauritzmuehle.de\/wordpress\/tischreservierung-neu\/","title":{"rendered":"Tischreservierung"},"content":{"rendered":"\n<p class=\"has-text-align-left has-vivid-red-color has-cyan-bluish-gray-background-color has-text-color has-background has-link-color has-large-font-size wp-elements-a0d89608ce8ecee04fa4e97607a42ec0\"><\/p>\n\n\n\n<h1 class=\"wp-block-heading has-vivid-red-color has-text-color\">Wir freuen uns selbstverst\u00e4ndlich, wenn Sie bei uns reservieren m\u00f6chten. <\/h1>\n\n\n<div class=\"wp-block-image\">\n<figure class=\"alignright\"><img data-recalc-dims=\"1\" loading=\"lazy\" decoding=\"async\" width=\"250\" height=\"187\" data-attachment-id=\"187\" data-permalink=\"https:\/\/tauritzmuehle.de\/wordpress\/cimg0775\/\" data-orig-file=\"https:\/\/i0.wp.com\/tauritzmuehle.de\/wordpress\/wp-content\/uploads\/2013\/12\/CIMG0775.jpg?fit=2304%2C1728&amp;ssl=1\" data-orig-size=\"2304,1728\" data-comments-opened=\"0\" data-image-meta=\"{&quot;aperture&quot;:&quot;2.6&quot;,&quot;credit&quot;:&quot;&quot;,&quot;camera&quot;:&quot;EX-Z40&quot;,&quot;caption&quot;:&quot;&quot;,&quot;created_timestamp&quot;:&quot;1111163753&quot;,&quot;copyright&quot;:&quot;&quot;,&quot;focal_length&quot;:&quot;5.8&quot;,&quot;iso&quot;:&quot;0&quot;,&quot;shutter_speed&quot;:&quot;0.04&quot;,&quot;title&quot;:&quot;&quot;}\" data-image-title=\"CIMG0775\" data-image-description=\"\" data-image-caption=\"\" data-large-file=\"https:\/\/i0.wp.com\/tauritzmuehle.de\/wordpress\/wp-content\/uploads\/2013\/12\/CIMG0775.jpg?fit=1000%2C750&amp;ssl=1\" src=\"https:\/\/i0.wp.com\/tauritzmuehle.de\/wordpress\/wp-content\/uploads\/2013\/12\/CIMG0775-250x187.jpg?resize=250%2C187\" alt=\"CIMG0775\" class=\"wp-image-187\" srcset=\"https:\/\/i0.wp.com\/tauritzmuehle.de\/wordpress\/wp-content\/uploads\/2013\/12\/CIMG0775.jpg?resize=250%2C187&amp;ssl=1 250w, https:\/\/i0.wp.com\/tauritzmuehle.de\/wordpress\/wp-content\/uploads\/2013\/12\/CIMG0775.jpg?resize=1365%2C1024&amp;ssl=1 1365w, https:\/\/i0.wp.com\/tauritzmuehle.de\/wordpress\/wp-content\/uploads\/2013\/12\/CIMG0775.jpg?resize=560%2C420&amp;ssl=1 560w, https:\/\/i0.wp.com\/tauritzmuehle.de\/wordpress\/wp-content\/uploads\/2013\/12\/CIMG0775.jpg?resize=260%2C195&amp;ssl=1 260w, https:\/\/i0.wp.com\/tauritzmuehle.de\/wordpress\/wp-content\/uploads\/2013\/12\/CIMG0775.jpg?resize=160%2C120&amp;ssl=1 160w, https:\/\/i0.wp.com\/tauritzmuehle.de\/wordpress\/wp-content\/uploads\/2013\/12\/CIMG0775.jpg?resize=386%2C290&amp;ssl=1 386w, https:\/\/i0.wp.com\/tauritzmuehle.de\/wordpress\/wp-content\/uploads\/2013\/12\/CIMG0775.jpg?resize=290%2C218&amp;ssl=1 290w, https:\/\/i0.wp.com\/tauritzmuehle.de\/wordpress\/wp-content\/uploads\/2013\/12\/CIMG0775.jpg?resize=193%2C145&amp;ssl=1 193w, https:\/\/i0.wp.com\/tauritzmuehle.de\/wordpress\/wp-content\/uploads\/2013\/12\/CIMG0775.jpg?w=2000&amp;ssl=1 2000w\" sizes=\"auto, (max-width: 250px) 100vw, 250px\" \/><\/figure>\n<\/div>\n\n\n<p>Sie k\u00f6nnen direkt bei uns anrufen oder Ihre Reservierung auch hier online durchf\u00fchren,&nbsp;dies allerdings mindestens 1 Tag vorher.<\/p>\n\n\n\n<p>Wir beantworten sehr gerne Ihre Fragen, freuen uns \u00fcber Lob und Anregungen und nehmen Kritik zum Anlass, uns st\u00e4ndig weiter zu verbessern.<\/p>\n\n\n\n<p class=\"has-vivid-red-color has-cyan-bluish-gray-background-color has-text-color has-background\"><strong>Kurzfristige Reservierungen nehmen wir sehr gerne telefonisch, unter 09275- 1600 <\/strong><\/p>\n\n\n\n<p class=\"has-vivid-red-color has-cyan-bluish-gray-background-color has-text-color has-background\"><strong>(hier auch <span style=\"text-decoration: underline;\"><em>Whatsapp<\/em><\/span> m\u00f6glich)&nbsp;entgegen, bitte <span style=\"text-decoration: underline;\">NICHT<\/span> \u00fcber&nbsp;<a href=\"https:\/\/www.facebook.com\/pages\/Uwe-Sch%C3%A4ffler-Gastst%C3%A4tte-Tauritzm%C3%BChle\/276830072756399\" target=\"_blank\" rel=\"noreferrer noopener\">&gt;&gt; Facebook\/Instagram.<\/a><\/strong><\/p>\n\n\n\n<p>\u2665 liken und teilen sie uns, wenn sie m\u00f6chten. Wir w\u00fcrden uns freuen\u2026.<\/p>\n\n\n\n<p>Wir best\u00e4tigen gerne Ihre Reservierung in der Regel mit einer kurzen Antwort E-Mail. Sollten Sie keine Best\u00e4tigungsmail erhalten, bitten wir sie um einen kurzen Anruf.<\/p>\n\n\n\n<p class=\"has-cyan-bluish-gray-background-color has-background has-small-font-size\"><em><strong>Update&gt;&gt;&gt; Bitte beachten Sie die aktuelle Rechtslage zum Thema Datenschutz !<\/strong><\/em> <\/p>\n\n\n\n<p class=\"has-cyan-bluish-gray-background-color has-background has-small-font-size\"><em><strong>Da nat\u00fcrlich logischerweise zur Termin und Tischreservierung&nbsp; auch ein Name gespeichert werden muss.<\/strong><\/em><\/p>\n\n\n\n<p class=\"has-cyan-bluish-gray-background-color has-background has-small-font-size\"><strong><em>Das Abschicken Ihrer individuellen Mitteilung samt der von Ihnen angegebenen Kontaktdaten erzeugt eine ver<\/em><\/strong><strong><em>schl\u00fcsselte E-Mail an uns. Diese wird nach Bearbeitung Ihrer Anfrage gel\u00f6scht. Eine Speicherung oder Weitergabe<\/em><\/strong> <strong><em>Ihrer Daten erfolgt nicht. Mit Klick auf \u201cAbsenden\u201d erkl\u00e4ren Sie sich mit dieser Vorgehensweise einverstanden.<\/em><\/strong><\/p>\n\n\n\n<p class=\"has-cyan-bluish-gray-background-color has-background has-small-font-size\"><strong><em>Wenn Sie dies nicht m\u00f6chten, dann bitte&nbsp; gerne ganz wie fr\u00fcher :-),&nbsp;<\/em><\/strong><strong><em>einfach anrufen und telefonisch reservieren.&nbsp;<\/em><\/strong><\/p>\n\n\n\n<p>Vorab schon mal ganz lieben Dank.<\/p>\n\n\n<div class=\"wp-block-jetpack-contact-form\"><a href=\"https:\/\/tauritzmuehle.de\/wordpress\/tischreservierung-neu\/\" target=\"_blank\" rel=\"noopener noreferrer\">Submit a form.<\/a><\/div>","protected":false},"excerpt":{"rendered":"<p>Wir freuen uns selbstverst\u00e4ndlich, wenn Sie bei uns reservieren m\u00f6chten. Sie k\u00f6nnen direkt bei uns anrufen oder Ihre Reservierung auch hier online durchf\u00fchren,&nbsp;dies allerdings mindestens 1 Tag vorher. Wir beantworten sehr gerne Ihre Fragen, freuen uns \u00fcber Lob und Anregungen und nehmen Kritik zum Anlass, uns st\u00e4ndig weiter zu verbessern. Kurzfristige Reservierungen nehmen wir sehr&#8230; <\/p>\n<div class=\"link-more\"><a href=\"https:\/\/tauritzmuehle.de\/wordpress\/tischreservierung-neu\/\">Weiterlesen<\/a><\/div>\n","protected":false},"author":1,"featured_media":0,"parent":0,"menu_order":0,"comment_status":"closed","ping_status":"closed","template":"","meta":{"footnotes":""},"class_list":["post-5004","page","type-page","status-publish","hentry"],"jetpack_shortlink":"https:\/\/wp.me\/P4bFvl-1iI","jetpack_sharing_enabled":true,"_links":{"self":[{"href":"https:\/\/tauritzmuehle.de\/wordpress\/wp-json\/wp\/v2\/pages\/5004","targetHints":{"allow":["GET"]}}],"collection":[{"href":"https:\/\/tauritzmuehle.de\/wordpress\/wp-json\/wp\/v2\/pages"}],"about":[{"href":"https:\/\/tauritzmuehle.de\/wordpress\/wp-json\/wp\/v2\/types\/page"}],"author":[{"embeddable":true,"href":"https:\/\/tauritzmuehle.de\/wordpress\/wp-json\/wp\/v2\/users\/1"}],"replies":[{"embeddable":true,"href":"https:\/\/tauritzmuehle.de\/wordpress\/wp-json\/wp\/v2\/comments?post=5004"}],"version-history":[{"count":32,"href":"https:\/\/tauritzmuehle.de\/wordpress\/wp-json\/wp\/v2\/pages\/5004\/revisions"}],"predecessor-version":[{"id":5858,"href":"https:\/\/tauritzmuehle.de\/wordpress\/wp-json\/wp\/v2\/pages\/5004\/revisions\/5858"}],"wp:attachment":[{"href":"https:\/\/tauritzmuehle.de\/wordpress\/wp-json\/wp\/v2\/media?parent=5004"}],"curies":[{"name":"wp","href":"https:\/\/api.w.org\/{rel}","templated":true}]}}