{"id":244,"date":"2014-01-11T18:39:47","date_gmt":"2014-01-11T17:39:47","guid":{"rendered":"http:\/\/tauritzmuehle.de\/wordpress\/?page_id=244"},"modified":"2020-10-30T15:17:40","modified_gmt":"2020-10-30T14:17:40","slug":"biergarten","status":"publish","type":"page","link":"https:\/\/tauritzmuehle.de\/wordpress\/biergarten\/","title":{"rendered":"Biergarten"},"content":{"rendered":"<p>Unser idyllischer gem\u00fctlicher Biergarten&nbsp; l\u00e4dt von April bis Oktober zum verweilen ein.<\/p>\n<p>Oder sobald es sch\u00f6n wird \ud83d\ude42<\/p>\n<p>Mit barrierefreien Toiletten !<\/p>\n<p><a href=\"https:\/\/i0.wp.com\/tauritzmuehle.de\/wordpress\/wp-content\/uploads\/2014\/01\/biergarten1.jpg\"><img data-recalc-dims=\"1\" loading=\"lazy\" decoding=\"async\" data-attachment-id=\"585\" data-permalink=\"https:\/\/tauritzmuehle.de\/wordpress\/biergarten\/biergarten1\/\" data-orig-file=\"https:\/\/i0.wp.com\/tauritzmuehle.de\/wordpress\/wp-content\/uploads\/2014\/01\/biergarten1.jpg?fit=781%2C439&amp;ssl=1\" data-orig-size=\"781,439\" data-comments-opened=\"0\" data-image-meta=\"{&quot;aperture&quot;:&quot;0&quot;,&quot;credit&quot;:&quot;Alex Klett&quot;,&quot;camera&quot;:&quot;&quot;,&quot;caption&quot;:&quot;&quot;,&quot;created_timestamp&quot;:&quot;1476950041&quot;,&quot;copyright&quot;:&quot;&quot;,&quot;focal_length&quot;:&quot;0&quot;,&quot;iso&quot;:&quot;0&quot;,&quot;shutter_speed&quot;:&quot;0&quot;,&quot;title&quot;:&quot;&quot;,&quot;orientation&quot;:&quot;0&quot;}\" data-image-title=\"biergarten1\" data-image-description=\"\" data-image-caption=\"\" data-large-file=\"https:\/\/i0.wp.com\/tauritzmuehle.de\/wordpress\/wp-content\/uploads\/2014\/01\/biergarten1.jpg?fit=781%2C439&amp;ssl=1\" class=\"size-full wp-image-585 alignnone\" src=\"https:\/\/i0.wp.com\/tauritzmuehle.de\/wordpress\/wp-content\/uploads\/2014\/01\/biergarten1.jpg?resize=781%2C439\" alt=\"biergarten1\" width=\"781\" height=\"439\" srcset=\"https:\/\/i0.wp.com\/tauritzmuehle.de\/wordpress\/wp-content\/uploads\/2014\/01\/biergarten1.jpg?w=781&amp;ssl=1 781w, https:\/\/i0.wp.com\/tauritzmuehle.de\/wordpress\/wp-content\/uploads\/2014\/01\/biergarten1.jpg?resize=250%2C141&amp;ssl=1 250w, https:\/\/i0.wp.com\/tauritzmuehle.de\/wordpress\/wp-content\/uploads\/2014\/01\/biergarten1.jpg?resize=768%2C432&amp;ssl=1 768w, https:\/\/i0.wp.com\/tauritzmuehle.de\/wordpress\/wp-content\/uploads\/2014\/01\/biergarten1.jpg?resize=534%2C300&amp;ssl=1 534w\" sizes=\"auto, (max-width: 781px) 100vw, 781px\" \/><\/a><\/p>\n","protected":false},"excerpt":{"rendered":"<p>Unser idyllischer gem\u00fctlicher Biergarten&nbsp; l\u00e4dt von April bis Oktober zum verweilen ein. Oder sobald es sch\u00f6n wird \ud83d\ude42 Mit barrierefreien Toiletten !<\/p>\n","protected":false},"author":1,"featured_media":2948,"parent":0,"menu_order":0,"comment_status":"closed","ping_status":"closed","template":"","meta":{"jetpack_post_was_ever_published":false,"footnotes":""},"class_list":["post-244","page","type-page","status-publish","has-post-thumbnail","hentry"],"jetpack_shortlink":"https:\/\/wp.me\/P4bFvl-3W","jetpack_sharing_enabled":true,"_links":{"self":[{"href":"https:\/\/tauritzmuehle.de\/wordpress\/wp-json\/wp\/v2\/pages\/244","targetHints":{"allow":["GET"]}}],"collection":[{"href":"https:\/\/tauritzmuehle.de\/wordpress\/wp-json\/wp\/v2\/pages"}],"about":[{"href":"https:\/\/tauritzmuehle.de\/wordpress\/wp-json\/wp\/v2\/types\/page"}],"author":[{"embeddable":true,"href":"https:\/\/tauritzmuehle.de\/wordpress\/wp-json\/wp\/v2\/users\/1"}],"replies":[{"embeddable":true,"href":"https:\/\/tauritzmuehle.de\/wordpress\/wp-json\/wp\/v2\/comments?post=244"}],"version-history":[{"count":8,"href":"https:\/\/tauritzmuehle.de\/wordpress\/wp-json\/wp\/v2\/pages\/244\/revisions"}],"predecessor-version":[{"id":2949,"href":"https:\/\/tauritzmuehle.de\/wordpress\/wp-json\/wp\/v2\/pages\/244\/revisions\/2949"}],"wp:featuredmedia":[{"embeddable":true,"href":"https:\/\/tauritzmuehle.de\/wordpress\/wp-json\/wp\/v2\/media\/2948"}],"wp:attachment":[{"href":"https:\/\/tauritzmuehle.de\/wordpress\/wp-json\/wp\/v2\/media?parent=244"}],"curies":[{"name":"wp","href":"https:\/\/api.w.org\/{rel}","templated":true}]}}