{"id":238,"date":"2014-01-11T18:38:55","date_gmt":"2014-01-11T17:38:55","guid":{"rendered":"http:\/\/tauritzmuehle.de\/wordpress\/?page_id=238"},"modified":"2016-11-30T23:18:44","modified_gmt":"2016-11-30T22:18:44","slug":"nebenhaus","status":"publish","type":"page","link":"https:\/\/tauritzmuehle.de\/wordpress\/nebenhaus\/","title":{"rendered":"Nebenhaus"},"content":{"rendered":"<p><img data-recalc-dims=\"1\" loading=\"lazy\" decoding=\"async\" data-attachment-id=\"305\" data-permalink=\"https:\/\/tauritzmuehle.de\/wordpress\/nebenhaus\/slide5\/\" data-orig-file=\"https:\/\/i0.wp.com\/tauritzmuehle.de\/wordpress\/wp-content\/uploads\/2016\/04\/slide5.jpg?fit=1200%2C500&amp;ssl=1\" data-orig-size=\"1200,500\" data-comments-opened=\"0\" data-image-meta=\"{&quot;aperture&quot;:&quot;0&quot;,&quot;credit&quot;:&quot;Alex Klett&quot;,&quot;camera&quot;:&quot;&quot;,&quot;caption&quot;:&quot;&quot;,&quot;created_timestamp&quot;:&quot;1460622884&quot;,&quot;copyright&quot;:&quot;&quot;,&quot;focal_length&quot;:&quot;0&quot;,&quot;iso&quot;:&quot;0&quot;,&quot;shutter_speed&quot;:&quot;0&quot;,&quot;title&quot;:&quot;&quot;,&quot;orientation&quot;:&quot;0&quot;}\" data-image-title=\"slide5\" data-image-description=\"\" data-image-caption=\"\" data-large-file=\"https:\/\/i0.wp.com\/tauritzmuehle.de\/wordpress\/wp-content\/uploads\/2016\/04\/slide5.jpg?fit=1000%2C417&amp;ssl=1\" class=\" wp-image-305 alignright\" src=\"https:\/\/i0.wp.com\/tauritzmuehle.de\/wordpress\/wp-content\/uploads\/2016\/04\/slide5-250x104.jpg?resize=303%2C126\" alt=\"slide5\" width=\"303\" height=\"126\" srcset=\"https:\/\/i0.wp.com\/tauritzmuehle.de\/wordpress\/wp-content\/uploads\/2016\/04\/slide5.jpg?resize=250%2C104&amp;ssl=1 250w, https:\/\/i0.wp.com\/tauritzmuehle.de\/wordpress\/wp-content\/uploads\/2016\/04\/slide5.jpg?resize=768%2C320&amp;ssl=1 768w, https:\/\/i0.wp.com\/tauritzmuehle.de\/wordpress\/wp-content\/uploads\/2016\/04\/slide5.jpg?w=1200&amp;ssl=1 1200w\" sizes=\"auto, (max-width: 303px) 100vw, 303px\" \/>Unser Nebenhaus eignet sich besonders gut f\u00fcr Geburtstage, Hochzeiten, Familientreffen, Trainingslager, Klassenausfl\u00fcge u.v.m &#8230;&#8230;ausschlie\u00dflich zur Selbstbewirtschaftung.<\/p>\n<p>Hier kann so laut und so lange gefeiert werden, wie man m\u00f6chte \ud83d\ude09<\/p>\n<p>&nbsp;<\/p>\n<p>Im Erdgescho\u00df befindet sich eine voll ausgestattete Wirtsstube inkl. kleiner K\u00fcche, Schanktresen und K\u00fchlr\u00e4umen.<\/p>\n<p>Auf der selben Etage befinden sich \u00a0auch die\u00a0Herren und Damentoiletten.<\/p>\n<p>Im Obergescho\u00df\u00a0haben wir\u00a0f\u00fcr alle, die nicht mehr fahren m\u00f6chten ein Matratzenlager inkl. Duschm\u00f6glichkeit. F\u00fcr Jugendgruppen befindet sich hier auch ein separates Betreuerzimmer.<\/p>\n<p>Sind noch Fragen offen??? Bitte z\u00f6gern sie nicht, einfach anrufen !!! Wir freuen uns auf Sie&#8230;&#8230;<\/p>\n<p>&nbsp;<\/p>\n","protected":false},"excerpt":{"rendered":"<p>Unser Nebenhaus eignet sich besonders gut f\u00fcr Geburtstage, Hochzeiten, Familientreffen, Trainingslager, Klassenausfl\u00fcge u.v.m &#8230;&#8230;ausschlie\u00dflich zur Selbstbewirtschaftung. Hier kann so laut und so lange gefeiert werden, wie man m\u00f6chte \ud83d\ude09 &nbsp; Im Erdgescho\u00df befindet sich eine voll ausgestattete Wirtsstube inkl. kleiner K\u00fcche, Schanktresen und K\u00fchlr\u00e4umen. Auf der selben Etage befinden sich \u00a0auch die\u00a0Herren und Damentoiletten. Im&#8230; <\/p>\n<div class=\"link-more\"><a href=\"https:\/\/tauritzmuehle.de\/wordpress\/nebenhaus\/\">Weiterlesen<\/a><\/div>\n","protected":false},"author":2,"featured_media":593,"parent":0,"menu_order":0,"comment_status":"closed","ping_status":"closed","template":"","meta":{"jetpack_post_was_ever_published":false,"footnotes":""},"class_list":["post-238","page","type-page","status-publish","has-post-thumbnail","hentry"],"jetpack_shortlink":"https:\/\/wp.me\/P4bFvl-3Q","jetpack_sharing_enabled":true,"_links":{"self":[{"href":"https:\/\/tauritzmuehle.de\/wordpress\/wp-json\/wp\/v2\/pages\/238","targetHints":{"allow":["GET"]}}],"collection":[{"href":"https:\/\/tauritzmuehle.de\/wordpress\/wp-json\/wp\/v2\/pages"}],"about":[{"href":"https:\/\/tauritzmuehle.de\/wordpress\/wp-json\/wp\/v2\/types\/page"}],"author":[{"embeddable":true,"href":"https:\/\/tauritzmuehle.de\/wordpress\/wp-json\/wp\/v2\/users\/2"}],"replies":[{"embeddable":true,"href":"https:\/\/tauritzmuehle.de\/wordpress\/wp-json\/wp\/v2\/comments?post=238"}],"version-history":[{"count":12,"href":"https:\/\/tauritzmuehle.de\/wordpress\/wp-json\/wp\/v2\/pages\/238\/revisions"}],"predecessor-version":[{"id":469,"href":"https:\/\/tauritzmuehle.de\/wordpress\/wp-json\/wp\/v2\/pages\/238\/revisions\/469"}],"wp:featuredmedia":[{"embeddable":true,"href":"https:\/\/tauritzmuehle.de\/wordpress\/wp-json\/wp\/v2\/media\/593"}],"wp:attachment":[{"href":"https:\/\/tauritzmuehle.de\/wordpress\/wp-json\/wp\/v2\/media?parent=238"}],"curies":[{"name":"wp","href":"https:\/\/api.w.org\/{rel}","templated":true}]}}