{"id":1264,"date":"2018-06-22T20:38:10","date_gmt":"2018-06-22T18:38:10","guid":{"rendered":"http:\/\/tauritzmuehle.de\/wordpress\/?page_id=1264"},"modified":"2022-06-28T22:57:07","modified_gmt":"2022-06-28T20:57:07","slug":"uebernachten-2","status":"publish","type":"page","link":"https:\/\/tauritzmuehle.de\/wordpress\/uebernachten-2\/","title":{"rendered":"gut\u00b4s N\u00e4chtle"},"content":{"rendered":"<blockquote><p><strong>&#8230; m\u00fcde bin ich geh&#8216;&nbsp; zur Ruh&#8216; &#8230;.<\/strong><\/p>\n<p><strong>Natur erleben auch in der Nacht&#8230;..&#x2665;<\/strong><\/p><\/blockquote>\n<p><strong><span style=\"color: #800000;\">Den Sonnenuntergang in fast unber\u00fchrter Natur verbringen, bei Mondlicht einschlafen und vom Vogelgezwitscher wieder wecken lassen, in einsamer ruhiger Umgebung mit rustikalem H\u00fcttencharakter &gt;&gt;&gt;&nbsp; <\/span><\/strong><strong><span style=\"color: #800000;\">einfach zur\u00fcck zur Natur \ud83d\ude42<\/span><\/strong><\/p>\n<p><strong><span style=\"color: #800000;\">oder eben<\/span><\/strong><\/p>\n<p><strong><span style=\"color: #800000;\">\u2026 wenn\u00b4s mal einfach keinen Sinn macht, noch nach Hause zu fahren,<\/span><\/strong><\/p>\n<p><strong><span style=\"color: #800000;\">z.B. nach der Feier in unserem Selbstversorger -Nebenhaus (kann angemietet werden) k\u00f6nnen Sie gerne <\/span><\/strong><strong><span style=\"color: #800000;\">in einem unserer Mehrbettzimmern oder Matratzenlagern n\u00e4chtigen.<\/span><\/strong><\/p>\n<p><strong><span style=\"color: #800000;\">Selbstverst\u00e4ndlich ist auch f\u00fcr Individualreisende, Schulklassen, Biker, Stammtische,Trainingslager und Wandergruppen und und und<\/span><\/strong><\/p>\n<p><strong><span style=\"color: #800000;\">bestimmt noch ein Pl\u00e4tzchen frei.<\/span><\/strong><\/p>\n<p><strong><span style=\"color: #800000;\">Wahlweise mit oder ohne Fr\u00fchst\u00fcck, wir sind gerne f\u00fcr euch da. Fragen kostet nix \ud83d\ude42 &#8230;.<\/span><\/strong><\/p>\n<p><strong><span style=\"color: #800000;\">Es stehen zur Verf\u00fcgung&#8230;<\/span><\/strong><\/p>\n<ul>\n<li><strong><span style=\"color: #800000;\">1 Doppelzimmer<\/span><\/strong><\/li>\n<li><strong><span style=\"color: #800000;\">2 Vierbettzimmer<\/span><\/strong><\/li>\n<li><strong><span style=\"color: #800000;\">1 F\u00fcnfbettzimmer<\/span><\/strong><\/li>\n<li><strong><span style=\"color: #800000;\">Matratzenlager f. 15 m\u00fcde Krieger<\/span><\/strong><\/li>\n<li><strong><span style=\"color: #800000;\">Matratzenlager f. bis zu 20 noch m\u00fcdere Krieger im Nebenhaus mit einem Betreuerzimmer f\u00fcr 2 &#8222;Aufpasser&#8220;<\/span><\/strong><\/li>\n<\/ul>\n<blockquote><p><span style=\"color: #ff9900;\"><strong>Und nein, ihr m\u00fcsst nicht in den Tauritzbach zum Waschen, unsere komplett neu renovierten B\u00e4der im Haupthaus warten auf Euch. \ud83d\ude42<\/strong><\/span><\/p>\n<p><strong><em>\u21d2 <a href=\"http:\/\/tauritzmuehle.de\/wordpress\/camping\/\">Camper und Zeltlagerfreunde finden auf unserer Campingseite vielleicht mehr \u2026..<\/a><\/em><\/strong><\/p><\/blockquote>\n<p><strong><span style=\"color: #ff0000;\">Dies ist eine Testseite und noch im Aufbau..\u2026 updates folgen&#8230;&#8230;<img data-recalc-dims=\"1\" loading=\"lazy\" decoding=\"async\" data-attachment-id=\"1284\" data-permalink=\"https:\/\/tauritzmuehle.de\/wordpress\/uebernachten-2\/20180622_195444\/\" data-orig-file=\"https:\/\/i0.wp.com\/tauritzmuehle.de\/wordpress\/wp-content\/uploads\/2018\/06\/20180622_195444.jpg?fit=4032%2C1960&amp;ssl=1\" data-orig-size=\"4032,1960\" data-comments-opened=\"0\" data-image-meta=\"{&quot;aperture&quot;:&quot;1.7&quot;,&quot;credit&quot;:&quot;&quot;,&quot;camera&quot;:&quot;SM-G955F&quot;,&quot;caption&quot;:&quot;&quot;,&quot;created_timestamp&quot;:&quot;1529697283&quot;,&quot;copyright&quot;:&quot;&quot;,&quot;focal_length&quot;:&quot;4.2&quot;,&quot;iso&quot;:&quot;250&quot;,&quot;shutter_speed&quot;:&quot;0.05&quot;,&quot;title&quot;:&quot;&quot;,&quot;orientation&quot;:&quot;1&quot;}\" data-image-title=\"20180622_195444\" data-image-description=\"\" data-image-caption=\"\" data-large-file=\"https:\/\/i0.wp.com\/tauritzmuehle.de\/wordpress\/wp-content\/uploads\/2018\/06\/20180622_195444.jpg?fit=1000%2C486&amp;ssl=1\" class=\"aligncenter wp-image-1284\" src=\"https:\/\/i0.wp.com\/tauritzmuehle.de\/wordpress\/wp-content\/uploads\/2018\/06\/20180622_195444-250x122.jpg?resize=383%2C187\" alt=\"\" width=\"383\" height=\"187\" srcset=\"https:\/\/i0.wp.com\/tauritzmuehle.de\/wordpress\/wp-content\/uploads\/2018\/06\/20180622_195444.jpg?resize=250%2C122&amp;ssl=1 250w, https:\/\/i0.wp.com\/tauritzmuehle.de\/wordpress\/wp-content\/uploads\/2018\/06\/20180622_195444.jpg?resize=768%2C373&amp;ssl=1 768w, https:\/\/i0.wp.com\/tauritzmuehle.de\/wordpress\/wp-content\/uploads\/2018\/06\/20180622_195444.jpg?resize=2048%2C996&amp;ssl=1 2048w, https:\/\/i0.wp.com\/tauritzmuehle.de\/wordpress\/wp-content\/uploads\/2018\/06\/20180622_195444.jpg?resize=600%2C292&amp;ssl=1 600w, https:\/\/i0.wp.com\/tauritzmuehle.de\/wordpress\/wp-content\/uploads\/2018\/06\/20180622_195444.jpg?w=3000&amp;ssl=1 3000w\" sizes=\"auto, (max-width: 383px) 100vw, 383px\" \/><img data-recalc-dims=\"1\" loading=\"lazy\" decoding=\"async\" data-attachment-id=\"1285\" data-permalink=\"https:\/\/tauritzmuehle.de\/wordpress\/uebernachten-2\/20180622_195728\/\" data-orig-file=\"https:\/\/i0.wp.com\/tauritzmuehle.de\/wordpress\/wp-content\/uploads\/2018\/06\/20180622_195728-e1529696872637.jpg?fit=1960%2C4032&amp;ssl=1\" data-orig-size=\"1960,4032\" data-comments-opened=\"0\" data-image-meta=\"{&quot;aperture&quot;:&quot;1.7&quot;,&quot;credit&quot;:&quot;&quot;,&quot;camera&quot;:&quot;SM-G955F&quot;,&quot;caption&quot;:&quot;&quot;,&quot;created_timestamp&quot;:&quot;1529697448&quot;,&quot;copyright&quot;:&quot;&quot;,&quot;focal_length&quot;:&quot;4.2&quot;,&quot;iso&quot;:&quot;200&quot;,&quot;shutter_speed&quot;:&quot;0.090909090909091&quot;,&quot;title&quot;:&quot;&quot;,&quot;orientation&quot;:&quot;6&quot;}\" data-image-title=\"20180622_195728\" data-image-description=\"\" data-image-caption=\"\" data-large-file=\"https:\/\/i0.wp.com\/tauritzmuehle.de\/wordpress\/wp-content\/uploads\/2018\/06\/20180622_195728-e1529696872637.jpg?fit=498%2C1024&amp;ssl=1\" class=\" wp-image-1285 alignleft\" src=\"https:\/\/i0.wp.com\/tauritzmuehle.de\/wordpress\/wp-content\/uploads\/2018\/06\/20180622_195728-e1529696872637-97x200.jpg?resize=141%2C291\" alt=\"\" width=\"141\" height=\"291\" srcset=\"https:\/\/i0.wp.com\/tauritzmuehle.de\/wordpress\/wp-content\/uploads\/2018\/06\/20180622_195728-e1529696872637.jpg?resize=97%2C200&amp;ssl=1 97w, https:\/\/i0.wp.com\/tauritzmuehle.de\/wordpress\/wp-content\/uploads\/2018\/06\/20180622_195728-e1529696872637.jpg?resize=768%2C1580&amp;ssl=1 768w, https:\/\/i0.wp.com\/tauritzmuehle.de\/wordpress\/wp-content\/uploads\/2018\/06\/20180622_195728-e1529696872637.jpg?resize=498%2C1024&amp;ssl=1 498w, https:\/\/i0.wp.com\/tauritzmuehle.de\/wordpress\/wp-content\/uploads\/2018\/06\/20180622_195728-e1529696872637.jpg?resize=146%2C300&amp;ssl=1 146w, https:\/\/i0.wp.com\/tauritzmuehle.de\/wordpress\/wp-content\/uploads\/2018\/06\/20180622_195728-e1529696872637.jpg?w=1960&amp;ssl=1 1960w\" sizes=\"auto, (max-width: 141px) 100vw, 141px\" \/><img data-recalc-dims=\"1\" loading=\"lazy\" decoding=\"async\" data-attachment-id=\"1286\" data-permalink=\"https:\/\/tauritzmuehle.de\/wordpress\/uebernachten-2\/20180622_195848\/\" data-orig-file=\"https:\/\/i0.wp.com\/tauritzmuehle.de\/wordpress\/wp-content\/uploads\/2018\/06\/20180622_195848-e1529696893368.jpg?fit=1960%2C4032&amp;ssl=1\" data-orig-size=\"1960,4032\" data-comments-opened=\"0\" data-image-meta=\"{&quot;aperture&quot;:&quot;1.7&quot;,&quot;credit&quot;:&quot;&quot;,&quot;camera&quot;:&quot;SM-G955F&quot;,&quot;caption&quot;:&quot;&quot;,&quot;created_timestamp&quot;:&quot;1529697527&quot;,&quot;copyright&quot;:&quot;&quot;,&quot;focal_length&quot;:&quot;4.2&quot;,&quot;iso&quot;:&quot;200&quot;,&quot;shutter_speed&quot;:&quot;0.066666666666667&quot;,&quot;title&quot;:&quot;&quot;,&quot;orientation&quot;:&quot;6&quot;}\" data-image-title=\"20180622_195848\" data-image-description=\"\" data-image-caption=\"\" data-large-file=\"https:\/\/i0.wp.com\/tauritzmuehle.de\/wordpress\/wp-content\/uploads\/2018\/06\/20180622_195848-e1529696893368.jpg?fit=498%2C1024&amp;ssl=1\" class=\" wp-image-1286 alignright\" src=\"https:\/\/i0.wp.com\/tauritzmuehle.de\/wordpress\/wp-content\/uploads\/2018\/06\/20180622_195848-e1529696893368-97x200.jpg?resize=141%2C291\" alt=\"\" width=\"141\" height=\"291\" srcset=\"https:\/\/i0.wp.com\/tauritzmuehle.de\/wordpress\/wp-content\/uploads\/2018\/06\/20180622_195848-e1529696893368.jpg?resize=97%2C200&amp;ssl=1 97w, https:\/\/i0.wp.com\/tauritzmuehle.de\/wordpress\/wp-content\/uploads\/2018\/06\/20180622_195848-e1529696893368.jpg?resize=768%2C1580&amp;ssl=1 768w, https:\/\/i0.wp.com\/tauritzmuehle.de\/wordpress\/wp-content\/uploads\/2018\/06\/20180622_195848-e1529696893368.jpg?resize=498%2C1024&amp;ssl=1 498w, https:\/\/i0.wp.com\/tauritzmuehle.de\/wordpress\/wp-content\/uploads\/2018\/06\/20180622_195848-e1529696893368.jpg?resize=146%2C300&amp;ssl=1 146w, https:\/\/i0.wp.com\/tauritzmuehle.de\/wordpress\/wp-content\/uploads\/2018\/06\/20180622_195848-e1529696893368.jpg?w=1960&amp;ssl=1 1960w\" sizes=\"auto, (max-width: 141px) 100vw, 141px\" \/><\/span><\/strong><\/p>\n","protected":false},"excerpt":{"rendered":"<p>&#8230; m\u00fcde bin ich geh&#8216;&nbsp; zur Ruh&#8216; &#8230;. Natur erleben auch in der Nacht&#8230;..&#x2665; Den Sonnenuntergang in fast unber\u00fchrter Natur verbringen, bei Mondlicht einschlafen und vom Vogelgezwitscher wieder wecken lassen, in einsamer ruhiger Umgebung mit rustikalem H\u00fcttencharakter &gt;&gt;&gt;&nbsp; einfach zur\u00fcck zur Natur \ud83d\ude42 oder eben \u2026 wenn\u00b4s mal einfach keinen Sinn macht, noch nach Hause&#8230; <\/p>\n<div class=\"link-more\"><a href=\"https:\/\/tauritzmuehle.de\/wordpress\/uebernachten-2\/\">Weiterlesen<\/a><\/div>\n","protected":false},"author":2,"featured_media":2951,"parent":0,"menu_order":0,"comment_status":"closed","ping_status":"closed","template":"","meta":{"jetpack_post_was_ever_published":false,"footnotes":""},"class_list":["post-1264","page","type-page","status-publish","has-post-thumbnail","hentry"],"jetpack_shortlink":"https:\/\/wp.me\/P4bFvl-ko","jetpack_sharing_enabled":true,"_links":{"self":[{"href":"https:\/\/tauritzmuehle.de\/wordpress\/wp-json\/wp\/v2\/pages\/1264","targetHints":{"allow":["GET"]}}],"collection":[{"href":"https:\/\/tauritzmuehle.de\/wordpress\/wp-json\/wp\/v2\/pages"}],"about":[{"href":"https:\/\/tauritzmuehle.de\/wordpress\/wp-json\/wp\/v2\/types\/page"}],"author":[{"embeddable":true,"href":"https:\/\/tauritzmuehle.de\/wordpress\/wp-json\/wp\/v2\/users\/2"}],"replies":[{"embeddable":true,"href":"https:\/\/tauritzmuehle.de\/wordpress\/wp-json\/wp\/v2\/comments?post=1264"}],"version-history":[{"count":32,"href":"https:\/\/tauritzmuehle.de\/wordpress\/wp-json\/wp\/v2\/pages\/1264\/revisions"}],"predecessor-version":[{"id":4671,"href":"https:\/\/tauritzmuehle.de\/wordpress\/wp-json\/wp\/v2\/pages\/1264\/revisions\/4671"}],"wp:featuredmedia":[{"embeddable":true,"href":"https:\/\/tauritzmuehle.de\/wordpress\/wp-json\/wp\/v2\/media\/2951"}],"wp:attachment":[{"href":"https:\/\/tauritzmuehle.de\/wordpress\/wp-json\/wp\/v2\/media?parent=1264"}],"curies":[{"name":"wp","href":"https:\/\/api.w.org\/{rel}","templated":true}]}}